{"id":97,"date":"2023-12-31T12:27:14","date_gmt":"2023-12-31T11:27:14","guid":{"rendered":"http:\/\/nanapetzet.de\/np\/?page_id=97"},"modified":"2024-03-08T13:19:24","modified_gmt":"2024-03-08T12:19:24","slug":"cv_en","status":"publish","type":"page","link":"https:\/\/nanapetzet.de\/np\/en\/cv_en\/","title":{"rendered":"CV_en"},"content":{"rendered":"\n<style type=\"text\/css\" data-created_by=\"avia_inline_auto\" id=\"style-css-av-av_one_full-65fadd329bc9b4f820cb58ce94f8a2ec\">\n.flex_column.av-av_one_full-65fadd329bc9b4f820cb58ce94f8a2ec{\npadding:20px 20px 20px 20px;\nbackground-color:#eeeeee;\n}\n<\/style>\n<div  class='flex_column av-av_one_full-65fadd329bc9b4f820cb58ce94f8a2ec av_one_full  avia-builder-el-0  avia-builder-el-no-sibling  first no_margin flex_column_div  '     ><p><section  class='av_textblock_section av-ltimgfxd-5f7133fdbfb808a736b4ca1d92a5d643 '   itemscope=\"itemscope\" itemtype=\"https:\/\/schema.org\/CreativeWork\" ><div class='avia_textblock'  itemprop=\"text\" ><p>Nana Petzet, born in Munich in 1962, lives and works in Hamburg.<\/p>\n<p>In the scope of site-specific projects, often in collaboration with scientific experts and research institutes, she addresses environmental issues such as excessive waste production, the destruction of natural habitats and light pollution. In her playful and sometimes provocative artistic language, she formulates a socio-politically relevant critique of the predominant economic system with its fatal logic of growth.<\/p>\n<\/div><\/section><br \/>\n<section  class='av_textblock_section av-ltimgrtr-e6edebc73322776313645ffd1dba9bc3 '   itemscope=\"itemscope\" itemtype=\"https:\/\/schema.org\/CreativeWork\" ><div class='avia_textblock'  itemprop=\"text\" ><h2>Prices<\/h2>\n<\/div><\/section><br \/>\n<section  class='av_textblock_section av-ltimiezq-b5dd89429b55b2c51314ee30b799a563 '   itemscope=\"itemscope\" itemtype=\"https:\/\/schema.org\/CreativeWork\" ><div class='avia_textblock'  itemprop=\"text\" ><table>\n<tbody>\n<tr>\n<td width=\"125\">2023<\/td>\n<td>Hap Grieshaber Prize, VG Bild-Kunst, Germany<\/td>\n<\/tr>\n<tr>\n<td>2021<\/td>\n<td>Edwin Scharff Prize, Free and Hanseatic City of Hamburg<\/td>\n<\/tr>\n<tr>\n<td>1991<\/td>\n<td>Karl Hofer Prize, Berlin University of the Arts<\/td>\n<\/tr>\n<\/tbody>\n<\/table>\n<\/div><\/section><br \/>\n<section  class='av_textblock_section av-av_textblock-92ab5b4c5448b40ef3b82fb3d397e98e '   itemscope=\"itemscope\" itemtype=\"https:\/\/schema.org\/CreativeWork\" ><div class='avia_textblock'  itemprop=\"text\" ><h2>Einzelausstellungen<\/h2>\n<\/div><\/section><br \/>\n<section  class='av_textblock_section av-av_textblock-92ab5b4c5448b40ef3b82fb3d397e98e '   itemscope=\"itemscope\" itemtype=\"https:\/\/schema.org\/CreativeWork\" ><div class='avia_textblock'  itemprop=\"text\" ><table>\n<tbody>\n<tr>\n<td width=\"125\">2024<\/td>\n<td><em>Blendung<\/em>, R\u00e4ume des deutschen K\u00fcnstlerbunds, Berlin<\/td>\n<\/tr>\n<tr>\n<td width=\"125\">2020<\/td>\n<td><em>Harmas KGV<\/em>, Modellgarten im Kleing\u00e4rtnerverein Flora I e.V., in Zusammenarbeit mit dem Kunsthaus Dresden<\/td>\n<\/tr>\n<tr>\n<td>2018<\/td>\n<td><em>Lichtfalle 2018<\/em>, Kunstaktion im Hamburger Hafen im Rahmen der Veranstaltungen Langer Tag der Stadtnatur \/ GEO-Tag der Natur<\/td>\n<\/tr>\n<tr>\n<td>2016 &#8211; 2017<\/td>\n<td><em>Das M\u00fcllprojekt<\/em>, Recyclinghof Feldstr. Hamburg, Kunstfestival an drei Wochenenden, F\u00f6rderung durch den Elbkulturfonds<\/td>\n<\/tr>\n<tr>\n<td>2015<\/td>\n<td><em>Lichtfalle Hamburg<\/em>, Kunstaktion im Hamburger Hafen im Rahmen des Programms Kunst im \u00f6ffentlichen Raum der Kulturbeh\u00f6rde Hamburg<\/td>\n<\/tr>\n<tr>\n<td>2011<\/td>\n<td><em>Modellbiotop Peutegrund<\/em>, Kunsthaus Hamburg<\/td>\n<\/tr>\n<tr>\n<td>2009<\/td>\n<td><em>Im Peutegrund<\/em>, Projekt im \u00f6ffentlichen Raum, gef\u00f6rdert durch Kunstfonds Bonn und Kulturbeh\u00f6rde Hamburg, Hamburg<\/td>\n<\/tr>\n<tr>\n<td>2003<\/td>\n<td><em>Repairs<\/em>, Galleri 21, Malm\u00f6<br \/>\n<em>Originalsubstanz<\/em>, Galerie Olaf St\u00fcber, Berlin<\/td>\n<\/tr>\n<tr>\n<td>2002<\/td>\n<td><em>Metainventur<\/em>, Kunstverein &amp; Stiftung Springhornhof, Neuenkirchen<br \/>\nSystem SBF \u2013 <em>Inventarisation<\/em> der Sammlung mit HIDA MIDAS Cuxhavener Kunstverein, Cuxhaven<\/td>\n<\/tr>\n<tr>\n<td>2001<\/td>\n<td><em>Vom Erfassungstyp zur Untergruppe<\/em>, multi.trudi, Frankfurt\/Main<\/td>\n<\/tr>\n<tr>\n<td>2000<\/td>\n<td><em>Ekka fr\u00e6nka<\/em>, Galler\u00ed one o one, Reykjav\u00edk, Island<\/td>\n<\/tr>\n<tr>\n<td>1998<\/td>\n<td><em>Endurvinnslust\u00f6\u203a<\/em><em> nei takk!<\/em>, N\u00fdlendugata 15, Reykjav\u00edk, Island<\/td>\n<\/tr>\n<tr>\n<td>1997<\/td>\n<td><em>Wir machen wahr, was der Gr\u00fcne Punkt verspricht <\/em>im Rahmen der Ausstellungsreihe Duchamps Urenkel, Bonner Kunstverein<\/td>\n<\/tr>\n<tr>\n<td>1996<\/td>\n<td><em>F\u00fcr unsere Umwelt<\/em>, Ausstellungsraum Balanstra\u00dfe, M\u00fcnchen<br \/>\n<em>Hvad s\u00e9r apinn<\/em>, The Living Art Museum, Reykjav\u00edk<\/td>\n<\/tr>\n<tr>\n<td>1995<\/td>\n<td>Galler\u00ed Gangur, Reykjav\u00edk<\/td>\n<\/tr>\n<tr>\n<td>1994<\/td>\n<td><em>Modellversuch ROT<\/em>, Galerie Paul Andriesse, Amsterdam<\/td>\n<\/tr>\n<tr>\n<td>1993<\/td>\n<td><em>Modellversuch ROT<\/em>, Kunstraum M\u00fcnchen e.V.<\/td>\n<\/tr>\n<tr>\n<td>1992<\/td>\n<td><em>Modellversuch ROT<\/em>, Galerie Art Acker, Berlin<br \/>\n<em>Modellversuch ROT<\/em>, Ausstellungsb\u00fcro Michael Schill, Stuttgart<\/td>\n<\/tr>\n<tr>\n<td>1989<\/td>\n<td><em>Der Tausendj\u00e4hrige Raum<\/em>, Galerie FOE 156, M\u00fcnchen<\/td>\n<\/tr>\n<\/tbody>\n<\/table>\n<\/div><\/section><br \/>\n<section  class='av_textblock_section av-av_textblock-92ab5b4c5448b40ef3b82fb3d397e98e '   itemscope=\"itemscope\" itemtype=\"https:\/\/schema.org\/CreativeWork\" ><div class='avia_textblock'  itemprop=\"text\" ><h2>Ausstellungsbeteiligungen<\/h2>\n<\/div><\/section><br \/>\n<section  class='av_textblock_section av-av_textblock-92ab5b4c5448b40ef3b82fb3d397e98e '   itemscope=\"itemscope\" itemtype=\"https:\/\/schema.org\/CreativeWork\" ><div class='avia_textblock'  itemprop=\"text\" ><table>\n<tbody>\n<tr>\n<td width=\"125\">2023<\/td>\n<td><em>Saving<\/em>, Kunstverein Wolfsburg<br \/>\n<em>Mean Sea Level<\/em><em>, <\/em>Hyper Cultural Passengers e.V., Hamburg<br \/>\n<em>Lovestories<\/em>, K\u00fcnstlerhaus Sootb\u00f6rn, Hamburg<br \/>\n<em>reset now<\/em>, Haus der Kunst M\u00fcnchen<\/td>\n<\/tr>\n<tr>\n<td width=\"125\">2022<\/td>\n<td><em>Macht! Licht!<\/em>, Kunstmuseum Wolfsburg<\/td>\n<\/tr>\n<tr>\n<td width=\"125\">2019<\/td>\n<td><em>Nachbarschaften 2025 \u2013 Eine Manufaktur der Visionen<\/em>, Kunsthaus Dresden<\/td>\n<\/tr>\n<tr>\n<td>2017<\/td>\n<td><em>Die Idee der freien Flusszone<\/em>, Die Galerie f\u00fcr Landschaftskunst im Heidelberger Kunstverein<\/td>\n<\/tr>\n<tr>\n<td>2016<\/td>\n<td><em>Freie Flusszone<\/em>, Die Galerie f\u00fcr Landschaftskunst im Kunstverein Langenhagen<\/td>\n<\/tr>\n<tr>\n<td>2012<\/td>\n<td><em>Zur Nachahmung empfohlen<\/em>, Max Mueller Bhavan, Mumbai; Goethe-Institut Addis Abeba<br \/>\n<em>Highlights<\/em>, Cuxhavener Kunstverein<\/td>\n<\/tr>\n<tr>\n<td>2011<\/td>\n<td><em>Yamuna &#8211; Elbe Projekt<\/em><em>, Project Y<\/em>, Installation im \u00f6ffentlichen Raum, New Delhi<br \/>\n<em>Zur Nachahmung empfohlen<\/em>, Westwendischer Kunstverein, Wendland; Umweltbundesamt, Dessau; Neuer Kunstverein Pfaffenhofen; Schwankhalle, Bremen; Virginia Haus, Hamburg<\/td>\n<\/tr>\n<tr>\n<td>2010<\/td>\n<td><em>Zur Nachahmung empfohlen<\/em>, Uferhallen, Berlin<br \/>\n<em>SHupS<\/em> (Shanghai-Hamburg (urban public) Space, Shanghai<\/td>\n<\/tr>\n<tr>\n<td>2008<\/td>\n<td><em>Kultur\/Natur<\/em>, Elbinselsommer`08, Hamburg<\/td>\n<\/tr>\n<tr>\n<td>2007<\/td>\n<td><em>Green dreams<\/em>, Kunstverein Wolfsburg<br \/>\n<em>Say it isn\u2018t so<\/em>, Neues Museum Weserburg Bremen<\/td>\n<\/tr>\n<tr>\n<td>2006<\/td>\n<td><em>Emergency Room<\/em>, Galerie Olaf St\u00fcber, Berlin<br \/>\n<em>site samples # 1 &amp; 2<\/em>, Galerie f\u00fcr Landschaftskunst, Hamburg<br \/>\n<em>Revisiting Home<\/em>, Neue Gesellschaft f\u00fcr Bildende Kunst, Berlin<br \/>\n<em>Unlimited liability<\/em>, Ladenprojekt im Rahmen von target: autonopop, Norderstra\u00dfe, Hamburg<\/td>\n<\/tr>\n<tr>\n<td>2005\/2006<\/td>\n<td><em>Stabile Seitenlage<\/em>, Museum Bochum; Galerie der K\u00fcnstler M\u00fcnchen; Kunsthaus Dresden; Neues Museum Weserburg Bremen<\/td>\n<\/tr>\n<tr>\n<td>2004<\/td>\n<td><em>Im Bild<\/em>, Kunsthalle G\u00f6ppingen<br \/>\n<em>Flickgut<\/em>, Gewerbemuseum, Winterthur<br \/>\n<em>Subduktive Massnahmen<\/em>, Kunst- und Ausstellungshalle der BRD, Bonn; Zentraler Bergungsort Oberried\/Breisgau<\/td>\n<\/tr>\n<tr>\n<td>2002<\/td>\n<td><em>science + fiction<\/em>, Sprengel Museum Hannover; Zentrum f\u00fcr Kunst und Medientechnologie Karlsruhe<\/td>\n<\/tr>\n<tr>\n<td>2000<\/td>\n<td><em>Einr\u00e4umen<\/em>, Hamburger Kunsthalle<br \/>\n<em>Art goes Science<\/em>, Aspekte Galerie der MVHS, M\u00fcnchen<br \/>\n<em>Aller Anfang ist Merz<\/em>, Sprengel Museum Hannover<br \/>\n<em>Real work<\/em>, Werkleitz Biennale, Werkleitz<br \/>\n<em>Models of resistance<\/em>, Overgaden, Kopenhagen<\/td>\n<\/tr>\n<tr>\n<td>1999<\/td>\n<td><em>Private Werte,<\/em> K\u00fcnstlerwerkstatt Lothringer Stra\u00dfe, M\u00fcnchen<br \/>\n<em>today tomorrow<\/em>, Kirin Plaza Osaka<\/td>\n<\/tr>\n<tr>\n<td>1998<\/td>\n<td><em>today tomorrow<\/em>, Galerie de l&#8217;Ecole Sup\u00e9rieure des Beaux-Arts de Marseille<\/td>\n<\/tr>\n<tr>\n<td>1997<\/td>\n<td><em>2000 &#8211; 3, Art Space plus Interface<\/em>, Neue Galerie Graz, steirischer Herbst \u00b497, Graz<br \/>\n<em>diskland snowscape<\/em>, Shed im Eisenwerk,Frauenfeld, Schweiz<\/td>\n<\/tr>\n<tr>\n<td>1996<\/td>\n<td><em>encircled area, Galerie des kroatischen K\u00fcnstlerbundes, Zagreb<\/em><\/td>\n<\/tr>\n<tr>\n<td>1995<\/td>\n<td><em>a night at the show<\/em>, Fields, Z\u00fcrich<\/td>\n<\/tr>\n<tr>\n<td>1994<\/td>\n<td><em>\u00dcbergangsbogen und \u00dcberh\u00f6hungsrampe<\/em>, Produzentengalerie Hamburg<\/td>\n<\/tr>\n<tr>\n<td>1993<\/td>\n<td><em>Integrale Kunstprojekte<\/em>, Nationalgalerie Berlin<br \/>\n<em>Backstage<\/em>, Kunstverein Hamburg<br \/>\n<em>Zeitreise<\/em>, Museum f\u00fcr Gestaltung, Z\u00fcrich<\/td>\n<\/tr>\n<tr>\n<td>1992<\/td>\n<td><em>20 Fragile Pieces<\/em>, Galerie ANALIX, Genf<br \/>\n<em>Tableaux Vol\u00e9s<\/em>, Galerie Sylvana Lorenz, Paris<br \/>\n<em>Nos Sciences Naturelles<\/em>, Centre d&#8217;Art Contemporain FRI-ART, Fribourg<br \/>\nStipendiatenausstellung, Kampnagelfabrik, Hamburg<\/td>\n<\/tr>\n<\/tbody>\n<\/table>\n<\/div><\/section><br \/>\n<section  class='av_textblock_section av-av_textblock-92ab5b4c5448b40ef3b82fb3d397e98e '   itemscope=\"itemscope\" itemtype=\"https:\/\/schema.org\/CreativeWork\" ><div class='avia_textblock'  itemprop=\"text\" ><h2>Performances &amp; Vortr\u00e4ge<\/h2>\n<\/div><\/section><br \/>\n<section  class='av_textblock_section av-av_textblock-92ab5b4c5448b40ef3b82fb3d397e98e '   itemscope=\"itemscope\" itemtype=\"https:\/\/schema.org\/CreativeWork\" ><div class='avia_textblock'  itemprop=\"text\" ><table>\n<tbody>\n<tr>\n<td width=\"125\">25.05.2021<\/td>\n<td>Online-Vortrag im Rahmen der Vortragsreihe <em>Licht als k\u00fcnstlerisches Material<\/em>, HBKsaar, Atelier Hausig: Lichtfalle Hamburg. Blaues Event-Licht &amp; Insektensterben<\/td>\n<\/tr>\n<tr>\n<td>10.09.2019<\/td>\n<td><em>Lichtfalle<\/em>, Buchpr\u00e4sentation, Textem Verlag, Sch\u00e4ferstr. 26, Hamburg<\/td>\n<\/tr>\n<tr>\n<td>02.06.2019<\/td>\n<td><em>Harmas KGV<\/em>, Vorstellung der Gartenanlage im Kleing\u00e4rtnerverein Flora I e.V., im Rahmen von \u201eNeue Nachbarn\u201c, Kunsthaus Dresden<\/td>\n<\/tr>\n<tr>\n<td>23.01.2018<\/td>\n<td><em>Existentielle Kunstinventarisationssimulation<\/em>, Leuphana Universit\u00e4t, L\u00fcneburg<\/td>\n<\/tr>\n<tr>\n<td>10.11.2005<\/td>\n<td><em>Der Wachtelk\u00f6nig und die Politik<\/em>, im Rahmen der Ausstellung Stabile Seitenlage, Podiumsdiskussion mit den Ornithologen und Umweltexperten Jan Schimkat, Klaus Gaber und Axel Jahn, Kunsthaus Dresden<\/td>\n<\/tr>\n<tr>\n<td>06.04.2005<\/td>\n<td><em>THREE CONTENTS<\/em>, im Rahmen der Reihe BLIND DATE, Kunstverein Hannover<\/td>\n<\/tr>\n<tr>\n<td>04.12.2003<\/td>\n<td><em>Denken, Handeln, Fragen, Symposium: &#8230;lautloses irren, ways of worldmaking, too&#8230;<\/em>, Podewil, Berlin<\/td>\n<\/tr>\n<tr>\n<td>07.02.2003<\/td>\n<td><em>System SBF: Inventarisation der Sammlung mit HIDA- MIDAS, Symposium Eingreifen. Viren , Modelle, Tricks<\/em>, thealit-Laboratorium, Neues Museum Weserburg, Bremen<\/td>\n<\/tr>\n<tr>\n<td>28.07.2002<\/td>\n<td><em>Podiumsdiskussion Steinzeit 1972<\/em> mit Karl-Ludwig Barkhausen und Heinz Thiel, Kunstverein Springhornhof, Neuenkirchen<\/td>\n<\/tr>\n<tr>\n<td>13.12.2001<\/td>\n<td><em>Das Sammeln Bewahren Forschen-Abfallwiederverwertungssystem<\/em> Posterpr\u00e4sentation im Rahmen der very cyberfeminist international, Lichtmesz-Kino, Hamburg<\/td>\n<\/tr>\n<tr>\n<td>19.05.2001<\/td>\n<td><em>Das Sammeln Bewahren Forschen-Abfallwiederverwertungssystem<\/em>, Vortragsreihe Das Imperium schl\u00e4gt zur\u00fcck, K\u00fcnstlerverein Malkasten, D\u00fcsseldorf<\/td>\n<\/tr>\n<tr>\n<td>12.09.2000<\/td>\n<td><em>Das Sammeln Bewahren Forschen-Abfallwiederverwertungssystem<\/em>, Sprengel Museum Hannover<\/td>\n<\/tr>\n<tr>\n<td>22.01.2000<\/td>\n<td><em>Technokratie und cultural lag \u2013 mein Beitrag zur Verringerung des Abstands<\/em>, K\u00fcnstlerwerkstatt Lothringer Stra\u00dfe, M\u00fcnchen<\/td>\n<\/tr>\n<tr>\n<td>17.11.1997<\/td>\n<td><em>Endurvinnsla &#8211; nei takk!<\/em> (Recycling nein danke!), Icelandic College of Art and Crafts, Reykjav\u00edk<\/td>\n<\/tr>\n<tr>\n<td>17.06.1997<\/td>\n<td>Podiumsdiskussion <em>Duchamp und das Duale System<\/em> mit Martin Schmitz und Harald Uhr, Bonner Kunstverein<\/td>\n<\/tr>\n<tr>\n<td>21.03.1996<\/td>\n<td><em>\u00cd gildi hlutanna<\/em>, The Living Art Museum, Reykjav\u00edk, \u00cdsland<\/td>\n<\/tr>\n<tr>\n<td>02.03.1996<\/td>\n<td><em>Vom Wert der Dinge 1<\/em>, Symposium Kippbewegungen am flimmernden Horizont, Unterkn\u00f6ringen<\/td>\n<\/tr>\n<tr>\n<td>11.02.1994<\/td>\n<td><em>Kennen Sie Schr\u00f6dingers Katze?<\/em>, Symposium \u00dcbergangsbogen und \u00dcberh\u00f6hungsrampe, Hochschule f\u00fcr bildende K\u00fcnste, Hamburg<\/td>\n<\/tr>\n<tr>\n<td>29.01.1994<\/td>\n<td><em>Modellversuch ROT<\/em>, Galerie Paul Andriesse, Amsterdam<\/td>\n<\/tr>\n<tr>\n<td>24.10.1993<\/td>\n<td><em>Modellversuch ROT<\/em> anl\u00e4sslich der Ausstellung <em>Integrale Kunstprojekte<\/em>, Nationalgalerie Berlin<\/td>\n<\/tr>\n<tr>\n<td>23.06.1993<\/td>\n<td><em>Modellversuch ROT<\/em>, Kunstraum M\u00fcnchen e.V.<\/td>\n<\/tr>\n<tr>\n<td>28.04.1993<\/td>\n<td><em>Das Zoschka\u2018sche Glas<\/em>, Grenzg\u00e4nge, Gasteig, M\u00fcnchen<\/td>\n<\/tr>\n<tr>\n<td>28.09.1992<\/td>\n<td><em>Reversion als Realisation negentropischer Prozesse im makroskopischen Bereich<\/em>, Galerie Lukas und Hoffmann, K\u00fcnstlerhaus Bethanien, Berlin<\/td>\n<\/tr>\n<tr>\n<td>28.04.1992<\/td>\n<td><em>Modellversuch ROT<\/em>, Ausstellungsb\u00fcro Michael Schill, Stuttgart<\/td>\n<\/tr>\n<tr>\n<td>26.03.1992<\/td>\n<td><em>Modellversuch ROT<\/em>, Stipendiatenausstellung, Kampnagelfabrik, Hamburg<\/td>\n<\/tr>\n<tr>\n<td>07.02.1992<\/td>\n<td><em>Modellversuch ROT<\/em>, Galerie Art Acker, Berlin<\/td>\n<\/tr>\n<tr>\n<td>08.06.1990<\/td>\n<td><em>Der Tausendj\u00e4hrige Raum<\/em>, K\u00fcnstlerhaus in der Weidenallee, Hamburg<\/td>\n<\/tr>\n<tr>\n<td>29.06.1989<\/td>\n<td><em>Formbildende Dynamik in Mathematik und Chemie<\/em>, Hochschule f\u00fcr bildende K\u00fcnste Hamburg<\/td>\n<\/tr>\n<tr>\n<td>27.04.1989<\/td>\n<td><em>Der Tausendj\u00e4hrige Raum<\/em>, Galerie FOE 156, M\u00fcnchen<\/td>\n<\/tr>\n<tr>\n<td>04.02.1987<\/td>\n<td><em>Rational Scientific Art<\/em>, Akademie der Bildenden K\u00fcnste M\u00fcnchen<\/td>\n<\/tr>\n<\/tbody>\n<\/table>\n<\/div><\/section><\/p><\/div>\n","protected":false},"excerpt":{"rendered":"","protected":false},"author":1,"featured_media":0,"parent":0,"menu_order":20,"comment_status":"closed","ping_status":"closed","template":"","meta":{"footnotes":""},"class_list":["post-97","page","type-page","status-publish","hentry"],"_links":{"self":[{"href":"https:\/\/nanapetzet.de\/np\/wp-json\/wp\/v2\/pages\/97","targetHints":{"allow":["GET"]}}],"collection":[{"href":"https:\/\/nanapetzet.de\/np\/wp-json\/wp\/v2\/pages"}],"about":[{"href":"https:\/\/nanapetzet.de\/np\/wp-json\/wp\/v2\/types\/page"}],"author":[{"embeddable":true,"href":"https:\/\/nanapetzet.de\/np\/wp-json\/wp\/v2\/users\/1"}],"replies":[{"embeddable":true,"href":"https:\/\/nanapetzet.de\/np\/wp-json\/wp\/v2\/comments?post=97"}],"version-history":[{"count":6,"href":"https:\/\/nanapetzet.de\/np\/wp-json\/wp\/v2\/pages\/97\/revisions"}],"predecessor-version":[{"id":883,"href":"https:\/\/nanapetzet.de\/np\/wp-json\/wp\/v2\/pages\/97\/revisions\/883"}],"wp:attachment":[{"href":"https:\/\/nanapetzet.de\/np\/wp-json\/wp\/v2\/media?parent=97"}],"curies":[{"name":"wp","href":"https:\/\/api.w.org\/{rel}","templated":true}]}}