{"id":863,"date":"2024-03-03T17:44:50","date_gmt":"2024-03-03T16:44:50","guid":{"rendered":"https:\/\/nanapetzet.de\/np\/?page_id=863"},"modified":"2024-05-08T15:17:33","modified_gmt":"2024-05-08T13:17:33","slug":"impressum_de","status":"publish","type":"page","link":"https:\/\/nanapetzet.de\/np\/impressum_de\/","title":{"rendered":"Impressum_de"},"content":{"rendered":"\n<style type=\"text\/css\" data-created_by=\"avia_inline_auto\" id=\"style-css-av-8029j-1cdb4e19f0691a987b0324a032737aa8\">\n.flex_column.av-8029j-1cdb4e19f0691a987b0324a032737aa8{\npadding:20px 20px 20px 20px;\nbackground-color:#eeeeee;\n}\n<\/style>\n<div  class='flex_column av-8029j-1cdb4e19f0691a987b0324a032737aa8 av_one_full  avia-builder-el-0  avia-builder-el-no-sibling  first no_margin flex_column_div  '     ><section  class='av_textblock_section av-ltbqtsff-f385c0b78a569950a7000eab2d2c8cd5 '   itemscope=\"itemscope\" itemtype=\"https:\/\/schema.org\/CreativeWork\" ><div class='avia_textblock'  itemprop=\"text\" ><h2>Impressum<\/h2>\n<\/div><\/section><br \/>\n<section  class='av_textblock_section av-ltbqulxq-79ac57ac62a83718611aeb00b2b7286f '   itemscope=\"itemscope\" itemtype=\"https:\/\/schema.org\/CreativeWork\" ><div class='avia_textblock'  itemprop=\"text\" ><h4>\u00a0<strong>Alle Inhalte, wenn nicht anders genannt: \u00a9 Nana Petzet\/ VG Bild-Kunst<\/strong><\/h4>\n<\/div><\/section><br \/>\n<section  class='av_textblock_section av-ltbquv2c-b6a0753e33d8b7a23195fe78fe1f1605 '   itemscope=\"itemscope\" itemtype=\"https:\/\/schema.org\/CreativeWork\" ><div class='avia_textblock'  itemprop=\"text\" ><p>Nana Petzet erteilt die Erlaubnis alle auf ihren Internetseiten erscheinenden Inhalte zur Informationsgewinnung des Anwenders \u00fcber Nana Petzet zu nutzen und zu kopieren bzw. einen Ausdruck zu erstellen. F\u00fcr eine gewerbliche Nutzung gilt dies nur nach einer vorher schriftlich erteilten Zustimmung von Nana Petzet.<\/p>\n<p>Layout und Gestaltung dieser Pr\u00e4sentation sowie die enthaltenen Informationen sind gem\u00e4\u00df dem Urheberrechtsgesetz gesch\u00fctzt. Das ist auch zu beachten, wenn auf diesen Internetseiten erscheinende Materialien Dritter zur Informationsgewinnung verwendet oder kopiert werden.<\/p>\n<p>Alle Angaben erfolgen ohne Gew\u00e4hr. Eine Haftung f\u00fcr Sch\u00e4den, die sich aus der Verwendung der ver\u00f6ffentlichten Inhalte ergeben, ist ausgeschlossen. F\u00fcr Inhalte externer Seiten \u00fcbernimmt Nana Petzet keinerlei Verantwortung.<\/p>\n<p><strong>Layout und Umsetzung der Webseite:<\/strong> <a href=\"http:\/\/www.katjareise.de\" target=\"_blank\" rel=\"noopener\">Katja Reise<\/a><br \/>\n<strong>\u00dcbersetzung:<\/strong> Barbara Lang und Julia Preu\u00dfler<\/p>\n<p><strong>Angaben gem\u00e4\u00df \u00a7 5 TMG<\/strong><br \/>\nNana Petzet<br \/>\nG\u00fcntherstr. 98b<br \/>\nDE-22087 Hamburg<\/p>\n<p>Tel.: +49 (0) 40 250 52 09<br \/>\nE-Mail: <a href=\"mailto:mail@nanapetzet.de\">mail@nanapetzet.de<\/a><\/p>\n<p><strong>Streitschlichtung<\/strong><br \/>\nDie Europ\u00e4ische Kommission stellt eine Plattform zur Online-Streitbeilegung (OS) bereit: https:\/\/ec.europa.eu\/consumers\/odr<br \/>\nUnsere E-Mail-Adresse finden Sie oben im Impressum.<br \/>\nWir sind nicht bereit oder verpflichtet, an Streitbeilegungsverfahren vor einer Verbraucherschlichtungsstelle teilzunehmen.<\/p>\n<\/div><\/section><\/p><\/div>\n","protected":false},"excerpt":{"rendered":"","protected":false},"author":1,"featured_media":0,"parent":0,"menu_order":60,"comment_status":"closed","ping_status":"closed","template":"","meta":{"footnotes":""},"class_list":["post-863","page","type-page","status-publish","hentry"],"_links":{"self":[{"href":"https:\/\/nanapetzet.de\/np\/wp-json\/wp\/v2\/pages\/863","targetHints":{"allow":["GET"]}}],"collection":[{"href":"https:\/\/nanapetzet.de\/np\/wp-json\/wp\/v2\/pages"}],"about":[{"href":"https:\/\/nanapetzet.de\/np\/wp-json\/wp\/v2\/types\/page"}],"author":[{"embeddable":true,"href":"https:\/\/nanapetzet.de\/np\/wp-json\/wp\/v2\/users\/1"}],"replies":[{"embeddable":true,"href":"https:\/\/nanapetzet.de\/np\/wp-json\/wp\/v2\/comments?post=863"}],"version-history":[{"count":3,"href":"https:\/\/nanapetzet.de\/np\/wp-json\/wp\/v2\/pages\/863\/revisions"}],"predecessor-version":[{"id":867,"href":"https:\/\/nanapetzet.de\/np\/wp-json\/wp\/v2\/pages\/863\/revisions\/867"}],"wp:attachment":[{"href":"https:\/\/nanapetzet.de\/np\/wp-json\/wp\/v2\/media?parent=863"}],"curies":[{"name":"wp","href":"https:\/\/api.w.org\/{rel}","templated":true}]}}