{"id":160,"date":"2024-01-23T19:52:38","date_gmt":"2024-01-23T18:52:38","guid":{"rendered":"https:\/\/nanapetzet.de\/np\/?page_id=160"},"modified":"2024-01-25T22:11:15","modified_gmt":"2024-01-25T21:11:15","slug":"publikationen_en","status":"publish","type":"page","link":"https:\/\/nanapetzet.de\/np\/en\/publikationen_en\/","title":{"rendered":"Publikationen_en"},"content":{"rendered":"\n<style type=\"text\/css\" data-created_by=\"avia_inline_auto\" id=\"style-css-av-7hw68-68d138c65a48111b5b1124ed38698af0\">\n.flex_column.av-7hw68-68d138c65a48111b5b1124ed38698af0{\npadding:20px 20px 20px 20px;\nbackground-color:#eeeeee;\n}\n<\/style>\n<div  class='flex_column av-7hw68-68d138c65a48111b5b1124ed38698af0 av_one_full  avia-builder-el-0  avia-builder-el-no-sibling  first no_margin flex_column_div  '     ><section  class='av_textblock_section av-lrs9zdd6-784fb6333469bafcf67ac5aa6c4da461 '   itemscope=\"itemscope\" itemtype=\"https:\/\/schema.org\/CreativeWork\" ><div class='avia_textblock'  itemprop=\"text\" ><h2>Publications<\/h2>\n<\/div><\/section><br \/>\n<section  class='av_textblock_section av-lrsa78tx-ae12debfb098e664902ece06651921c9 '   itemscope=\"itemscope\" itemtype=\"https:\/\/schema.org\/CreativeWork\" ><div class='avia_textblock'  itemprop=\"text\" ><p><em>Andreas Beitin<\/em> (Ed.), &#8220;Macht! Licht!&#8221; from the Kunstmuseum Wolfsburg, with contributions by Sybille Kr\u00e4mer, Christoph Markschies, Holger Broeker, Carolin Bohlmann, Monika Wagner, Michael Schwarz, Jo Joelson, Ulrike Gehring, Julia Otto, Gernot B\u00f6hme, Peter Weibel, Annette Krop-Benesch, Mischa Kuball, Gottfried Boehm, Publishing of Walther and Franz K\u00f6nig&#8217;s book store, Wolfsburg 2022, P.199-200.<\/p>\n<p><em>Till Krause<\/em> (Ed.), \u201eBekanntmachung der Idee der Freien Flusszone\u201c, GFLK Surveys, Hamburg 2021<\/p>\n<p><em>Nana Petzet <\/em>(Ed.), \u201eLichtfalle\u201c, with contributions by Nana Petzet, Bernd Reuter, Till Briegleb, Raimar Stange, Nina Kalenbach, J\u00f6rn Walter, Jean-Henri Fabre, Martin Kubiak, Gunnar Brehm, Bergr\u00fan Anna Hallsteinsd\u00f3ttir, Karl-Josef Pazzini, Till Krause and Helge Mundt, Textem Publishing Hamburg, 2019<\/p>\n<p><em>Nana Petzet\/Anke Haarmann\/Harald Lemke <\/em>(Eds.), \u201eDas M\u00fcllprojekt\u201c, with contributions by Till Wolfer, Ravi Agarwal, Dellbr\u00fcgge &amp; de Moll, Daniel K\u00f6tter, Tesfahun Kibru, Irene V\u00f6geli, Anke Haarmann, Harald Lemke and Nana Petzet, Hamburg 2017<\/p>\n<p><em>Nana Petzet<\/em>, image contribution in the anniversary edition of the Kunstfonds \u201eFonds zur guten Aussicht\u201c, Publishing House for Modern Art N\u00fcrnberg, N\u00fcrnberg 2011, P. 132 &#8211; 133<\/p>\n<p><em>Ursula Meyer-Rogge<\/em>, \u201eNana Petzet\u201c, in \u201eMetamorphosen, K\u00fcnstlerinnen in Hamburg\u201c, D\u00f6lling and Garlitz Verlag, Hamburg 2011, P. 169 \u2013 175<\/p>\n<p><em>Rahel Puffert<\/em>, \u201eich bin Bouvard und P\u00e9cuchet\u201c, interview with Nana Petzet in: The Thing Hamburg, Platform for Art and Critic, 2008<\/p>\n<p><em>Nana Petzet<\/em>, \u201eWings of Hope \u2013 Ein vom Auswandererdenkmal zum Denkmal f\u00fcr Migration mutiertes Kunstwerk als Eingangsportal der Veddel?\u201c in: The Thing Hamburg, Platform for Art and Critic, 2007<\/p>\n<p><em>Nana Petzet<\/em>, \u201eDas SBF-System\u201c in: exhibition catalogue \u201eGreen Dreams\u201c, Ed. Kunstverein Wolfsburg, Wolfsburg 2007, P. 85 \u2013 95<\/p>\n<p><em>Rahel Puffert<\/em>, \u201eKaninchenethogramm Robby\u201c in: exhibition catalogue \u201eSay it isn\u00b4t so\u201c Weserburg \/ Museum for Modern Art, Bremen, Kehrer Publishing Heidelberg, Heidelberg 2007, P. 194 \u2013 2001<\/p>\n<p><em>Nana Petzet<\/em>, \u201eSelbstversuch, Wohnen nach dem Motto: Sammeln Bewahren Forschen\u201c, in: exhibition catalogue \u201eRevisiting Home\u201c, Ed. Neue Gesellschaft f\u00fcr Bildende Kunst e.V. (NGBK), Berlin 2006, P. 90 \u2013 93<\/p>\n<p><em>Peter Friese<\/em>, \u201eWie tot ist Schr\u00f6dingers Katze?\u201c, in: exhibition catalogue \u201eStabile Seitenlage\u201c, Ed. Stiftung Kunstfonds, K\u00f6ln 2006, P. 14-17, 47-60<\/p>\n<p><em>Nana Petzet<\/em>, \u201eSystem SBF \u2013 Inventarisation der Sammlung mit HIDA-MIDAS \/ Metainventur\u201c, with texts by Horst Scholz, Katja Kwastek, Bettina von Dziembowski and Heinz Thiel, Ed. Cuxhavener Kunstverein \/ Kunstverein und Stiftung Springhornhof, Publishing House for Modern Art N\u00fcrnberg, N\u00fcrnberg 2003<\/p>\n<p><em>Susanne Witzgall<\/em>, \u201eNana Petzets Rational Scientific Art\u201c, in: \u201eKunst nach der Wissenschaft\u201c, Publishing House for Modern Art N\u00fcrnberg, N\u00fcrnberg 2003, P. 214-222<\/p>\n<p><em>Nana Petzet<\/em>, Sophisticated Fish, in: &#8220;Remote Sensing &#8211; Laboratories of Art and Science&#8221;, Vice Versa Verlag, Berlin 2002, P. 100 \u2013 105<\/p>\n<p><em>Nana Petzet<\/em>, Sammeln Bewahren Forschen, Das SBF-System 1995 &#8211; 2001, Ed. K\u00fcnstlerst\u00e4tte Schlo\u00df Bleckede, Salon Publishing, K\u00f6ln 2001<\/p>\n<p><em>Corinna Koch und Christiane Mennicke<\/em>, Nana Petzet, Sammeln Bewahren Forschen &#8211; Abfallvermeidungssystem, Forschungsprojekt, 1995\/2000 in: exhibition catalogue &#8220;After Work&#8221; for the 4th Werkleitz Biennale, Werkleitz\/Tornitz 2000, P.49 &#8211; 53<\/p>\n<p><em>Frank Barth und Friederike Wappler<\/em>, Reflektierte Regeln, in: exhibition catalogue &#8220;ein\/r\u00e4umen ARBEITEN IM MUSEUM&#8221;, Hamburger Kunsthalle, Hamburg 2000, P. 33, 64, 113, 194<\/p>\n<p><em>Nana Petzet<\/em>, Selbstversuch, in: exhibition catalogue &#8220;Aller Anfang ist Merz-von Kurt Schwitters bis heute&#8221; Sprengel Museum Hannover; Art Collection Nordrhein-Westfalen, D\u00fcsseldorf; House of Art M\u00fcnchen, Hatje Cantz Publishing, Ostfildern-Ruit 2000, P.216 &#8211; 217<\/p>\n<p><em>Nana Petzet<\/em>, Sammeln Bewahren Forschen, Deutschlands drittes M\u00fcllentsorgungssystem, in: exhibition catalogue &#8220;today tomorrow&#8221;, Kirin Plaza Osaka, Hamburg 1999<\/p>\n<p><em>Nana Petzet<\/em>, Sammeln-Bewahren-Forschen, Deutschlands drittes M\u00fcllentsorgungssystem im Modellhaushalt, in: Kunstforum International, Vol. 144, 1999, P.39, 67, 172, 173<\/p>\n<p><em>Nana Petzet<\/em>, Sammeln Bewahren Forschen, Deutschlands drittes M\u00fcllentsorgungssystem, in: exhibition catalogue &#8220;today tomorrow&#8221;, Galerie de l&#8217;Ecole Sup\u00e9rieure des Beaux-Arts de Marseille, Hamburg 1998<\/p>\n<p><em>Nana Petzet<\/em>, Gut &#8211; schlechter &#8211; am besten, in: Kippbewegungen am flimmernden Horizont, ed. by Adi Hoesle, Babenhausen 1997, P.156 &#8211; 170<\/p>\n<p><em>Nana Petzet<\/em>, Tr\u00e4ume, in: Zeitschrift Neid, Berlin 1997, P.34 &#8211; 37<\/p>\n<p><em>Nana Petzet<\/em>, DSD oder SBFS? Zwei Abfallverwertungskonzepte im Vergleich, in: exhibition catalogue &#8220;2000 minus 3\/ ArtSpace plus Interface&#8221;, Neue Galerie Graz im steirischen Herbst \u00b497, Graz 1997, P.68 -73<\/p>\n<p><em>Nana Petzet<\/em>, Wir machen wahr, was der Gr\u00fcne Punkt verspricht, exhibition catalogue by the Bonner Kunstverein in the series &#8220;Duchamps Urenkel&#8221; with texts by Nana Petzet (Das SBF-System) and Harald Uhr (Vom Verfall der Werte zum Zerfall der Atome &#8211; Zu den Versuchsanordnungen von Nana Petzet), Bonn 1997<\/p>\n<p><em>Christiane Fricke<\/em>, Rational Scientific Art, Ein Gespr\u00e4ch mit Nana Petzet, in: neue bildende kunst, Zeitschrift f\u00fcr Kunst und Kritik, No.1, 1997, P. 54 &#8211; 57<\/p>\n<p><em>Nana Petzet<\/em>, Hundekotrecycling, in: Super Umbau, Zeitung f\u00fcr den leidenschaftlichen Urbanisten, Hamburg 1996, P.16<\/p>\n<p><em>Nana Petzet<\/em>, Schr\u00f6dingers Katze, in: \u00dcbergangsbogen und \u00dcberh\u00f6hungsrampe, naturwissenschaftliche und k\u00fcnstlerische Verfahren, symposium I and II, ed. by Bogomir Ecker and Bettina Sefkow, Hamburg 1996, P.34 &#8211; 37<\/p>\n<p><em>Nana Petzet\/Klaus Meinberg<\/em>, Dispersion auf&#8230;und Novoplast\/ Zu zwei Arbeiten von Nana Petzet, in: Bateria, Zeitschrift f\u00fcr Kunst und Literatur, No.15\/1994, P.100-106<\/p>\n<p><em>Ulrike Besch<\/em>, Kunst und Kunstsch\u00e4den &#8220;Modellversuch Rot&#8221;, in: Restauro, Zeitschrift f\u00fcr Kunsttechniken, Restaurierung und Museumsfragen, No.5\/1993, P.296<\/p>\n<p><em>Nana Petzet<\/em>, Modellversuch ROT, eine Untersuchung zum Schicksal moderner Malerei im Alltag, in: exhibition catalogue &#8220;Integrale Kunstprojekte&#8221;, Berlin 1993<\/p>\n<p><em>Nana Petzet<\/em>, Schr\u00f6dingers Katze, in: exhibition catalogue &#8220;Backstage&#8221;, Kunstverein Hamburg 1993<\/p>\n<p><em>Nana Petzet<\/em>, Der Tausendj\u00e4hrige Raum\/ Reversion\/ Schr\u00f6dingers Katzen, published on the occasion of the exhibition &#8220;Modellversuch ROT&#8221; at the Kunstraum M\u00fcnchen e.V. with an introduction by Christiane Meyer-Stoll (Arbeiten an der Erkenntnis, Nana Petzets Rational Scientific Art), Ed. Kunstraum M\u00fcnchen e.V., M\u00fcnchen 1993<\/p>\n<p><em>Armelle Leturcq<\/em>, Nana Petzet, Monochromes exp\u00e9rimentaux, in: magazine &#8220;Blocnotes&#8221;, Vol. No.1, P.53<\/p>\n<p><em>Nana Petzet<\/em>, Schr\u00f6dingers Katze, in: exhibition catalogue on &#8220;Modell&#8221;, Pasinger Ritterwerke, M\u00fcnchen 1992<\/p>\n<p><em>Nana Petzet<\/em>, Epreuve-type &#8220;Rot&#8221;, Analyse du sort de la peinture moderne au quotidien, in: exhibition catalogue &#8220;Twenty Fragile Pieces&#8221;, Galerie ANALIX, Genf 1992<\/p>\n<p><em>Nana Petzet<\/em>, Modellversuch ROT, eine Untersuchung zum Schicksal moderner Malerei im Alltag, exhibition catalogue &#8220;Modellversuch ROT&#8221; at the Gallery Art-Acker, Berlin 1992<\/p>\n<p><em>Nana Petzet<\/em>, Der Tausendj\u00e4hrige Raum, in: Gru\u00df aus Hamburg, publication in cooperation with Silvia Bernardy, Achim Bitter, Thadd\u00e4us H\u00fcppi and Gunter Reski, Hamburg 1989<\/p>\n<p><em>Nana Petzet<\/em>, Rational Scientific Art, lecture on February 4th, 1987 at the Academy of Fine Arts M\u00fcnchen, ed. by Christiane Meyer-Stoll, M\u00fcnchen 1987<\/p>\n<\/div><\/section><\/p><\/div>\n","protected":false},"excerpt":{"rendered":"","protected":false},"author":1,"featured_media":0,"parent":0,"menu_order":40,"comment_status":"closed","ping_status":"closed","template":"","meta":{"footnotes":""},"class_list":["post-160","page","type-page","status-publish","hentry"],"_links":{"self":[{"href":"https:\/\/nanapetzet.de\/np\/wp-json\/wp\/v2\/pages\/160","targetHints":{"allow":["GET"]}}],"collection":[{"href":"https:\/\/nanapetzet.de\/np\/wp-json\/wp\/v2\/pages"}],"about":[{"href":"https:\/\/nanapetzet.de\/np\/wp-json\/wp\/v2\/types\/page"}],"author":[{"embeddable":true,"href":"https:\/\/nanapetzet.de\/np\/wp-json\/wp\/v2\/users\/1"}],"replies":[{"embeddable":true,"href":"https:\/\/nanapetzet.de\/np\/wp-json\/wp\/v2\/comments?post=160"}],"version-history":[{"count":5,"href":"https:\/\/nanapetzet.de\/np\/wp-json\/wp\/v2\/pages\/160\/revisions"}],"predecessor-version":[{"id":492,"href":"https:\/\/nanapetzet.de\/np\/wp-json\/wp\/v2\/pages\/160\/revisions\/492"}],"wp:attachment":[{"href":"https:\/\/nanapetzet.de\/np\/wp-json\/wp\/v2\/media?parent=160"}],"curies":[{"name":"wp","href":"https:\/\/api.w.org\/{rel}","templated":true}]}}