{"id":566,"date":"2024-02-10T12:29:40","date_gmt":"2024-02-10T11:29:40","guid":{"rendered":"https:\/\/nanapetzet.de\/np\/?page_id=566"},"modified":"2024-05-08T14:17:39","modified_gmt":"2024-05-08T12:17:39","slug":"reversion_de","status":"publish","type":"page","link":"http:\/\/nanapetzet.de\/np\/arbeiten-physik_de\/reversion_de\/","title":{"rendered":"Reversion_de"},"content":{"rendered":"\n<style type=\"text\/css\" data-created_by=\"avia_inline_auto\" id=\"style-css-av-8k6km-827e32a241b7be65e28989a550b4e964\">\n.flex_column.av-8k6km-827e32a241b7be65e28989a550b4e964{\npadding:20px 20px 20px 20px;\nbackground-color:#eeeeee;\n}\n<\/style>\n<div  class='flex_column av-8k6km-827e32a241b7be65e28989a550b4e964 av_one_full  avia-builder-el-0  avia-builder-el-no-sibling  first no_margin flex_column_div  '     ><section  class='av_textblock_section av-lsfzvv1v-9c099f54ce2b326ebd4fcb81c87ed641 '   itemscope=\"itemscope\" itemtype=\"https:\/\/schema.org\/CreativeWork\" ><div class='avia_textblock'  itemprop=\"text\" ><h2>Reversion als Realisation negentropischer Prozesse im makroskopischen Bereich<\/h2>\n<\/div><\/section><br \/>\n<section  class='av_textblock_section av-lsfzw56r-6c13852ea5ec50186418223ad9f00f69 '   itemscope=\"itemscope\" itemtype=\"https:\/\/schema.org\/CreativeWork\" ><div class='avia_textblock'  itemprop=\"text\" ><h4>Performance, 23. Juni 1992, Ausstellung <em>Nos Sciences Naturelles<\/em>, Centre d&#8217;Art Contemporain FRI-ART, Fribourg<\/h4>\n<\/div><\/section><br \/>\n<section  class='av_textblock_section av-lsfzwvqp-d4db8e28292f789f698fe90441d224a3 '   itemscope=\"itemscope\" itemtype=\"https:\/\/schema.org\/CreativeWork\" ><div class='avia_textblock'  itemprop=\"text\" ><p>Die zun\u00e4chst als Performance mit Kreidezeichnungen auf einer Schultafel konzipierte, sp\u00e4ter auch als Installation pr\u00e4sentierte Arbeit bezieht sich auf die Tatsache, dass im Gegensatz zur umfassend g\u00fcltigen Erfahrung der Unumkehrbarkeit der Zeit, sowohl in der klassischen Physik wie in der modernen Teilchenphysik, von der grunds\u00e4tzlichen Umkehrbarkeit physikalischer Prozesse ausgegangen wird. Roland Zoschka, ein fiktiver Physiker, will eine Versuchsreihe durchf\u00fchren: Ein durch Schallwellen zerst\u00f6rtes Trinkglas soll, in einem als \u201eReversion\u201c bezeichneten Vorgang, wieder in seinen urspr\u00fcnglichen Zustand \u00fcberf\u00fchrt werden. Unterst\u00fctzt durch den Atomphysiker Jean-Claude Dousse von der Universit\u00e4t Fribourg konnte Nana Petzet in ihrer Performance mit dem Versuch <em>Resonanz am Weinglas<\/em> den Zerst\u00f6rungsvorgang vorf\u00fchren, dessen Umkehrung \u2013 das hei\u00dft die Realisation eines negentropischen Prozesses im makroskopischen Bereich \u2013 vor dem Hintergrund einer thermodynamischen Definition von Entropie m\u00f6glich erscheint. Denn bei einer statistischen Beschreibung der Wirklichkeit, wie sie in der modernen Physik paradigmatisch ist, l\u00e4sst sich auch der unwahrscheinlichste Fall nicht ausschlie\u00dfen.<\/p>\n<\/div><\/section><br \/>\n\n<style type=\"text\/css\" data-created_by=\"avia_inline_auto\" id=\"style-css-av-lsfzxsc8-a15afd440046ea58ace28250b2e14ea1\">\n.avia-image-container.av-lsfzxsc8-a15afd440046ea58ace28250b2e14ea1 img.avia_image{\nbox-shadow:none;\n}\n.avia-image-container.av-lsfzxsc8-a15afd440046ea58ace28250b2e14ea1 .av-image-caption-overlay-center{\ncolor:#ffffff;\n}\n<\/style>\n<div  class='avia-image-container av-lsfzxsc8-a15afd440046ea58ace28250b2e14ea1 av-styling-no-styling avia-align-center  avia-builder-el-4  el_after_av_textblock  el_before_av_textblock '   itemprop=\"image\" itemscope=\"itemscope\" itemtype=\"https:\/\/schema.org\/ImageObject\" ><div class=\"avia-image-container-inner\"><div class=\"avia-image-overlay-wrap\"><img decoding=\"async\" fetchpriority=\"high\" class='wp-image-573 avia-img-lazy-loading-not-573 avia_image ' src=\"http:\/\/nanapetzet.de\/np\/wp-content\/uploads\/2024\/02\/reversion-3.jpg\" alt='' title=''  height=\"707\" width=\"1000\"  itemprop=\"thumbnailUrl\" srcset=\"http:\/\/nanapetzet.de\/np\/wp-content\/uploads\/2024\/02\/reversion-3.jpg 1000w, http:\/\/nanapetzet.de\/np\/wp-content\/uploads\/2024\/02\/reversion-3-300x212.jpg 300w, http:\/\/nanapetzet.de\/np\/wp-content\/uploads\/2024\/02\/reversion-3-768x543.jpg 768w, http:\/\/nanapetzet.de\/np\/wp-content\/uploads\/2024\/02\/reversion-3-260x185.jpg 260w, http:\/\/nanapetzet.de\/np\/wp-content\/uploads\/2024\/02\/reversion-3-705x498.jpg 705w\" sizes=\"(max-width: 1000px) 100vw, 1000px\" \/><\/div><\/div><\/div><br \/>\n\n<style type=\"text\/css\" data-created_by=\"avia_inline_auto\" id=\"style-css-av-lsfzy88q-b09fdc04d46a9bab5035e9036f157618\">\n#top .av_textblock_section.av-lsfzy88q-b09fdc04d46a9bab5035e9036f157618 .avia_textblock{\ncolor:#000000;\n}\n<\/style>\n<section  class='av_textblock_section av-lsfzy88q-b09fdc04d46a9bab5035e9036f157618 '   itemscope=\"itemscope\" itemtype=\"https:\/\/schema.org\/CreativeWork\" ><div class='avia_textblock av_inherit_color'  itemprop=\"text\" ><p><b>1<\/b> Versuchsaufbau <i>Resonanz am Weinglas<\/i>, Tafelzeichnung <em>Maxwellscher D\u00e4mon<\/em>, Ausstellung <i>Nos Sciences Naturelles<\/i>, Centre d&#8217;Art Contemporain FRI-ART, Fribourg 30. Mai 1992<strong><br \/>\n<\/strong><\/p>\n<\/div><\/section><br \/>\n\n<style type=\"text\/css\" data-created_by=\"avia_inline_auto\" id=\"style-css-av-lsfzyxir-30cc05ce93e5240ec06c6b02959d5fe6\">\n.avia-image-container.av-lsfzyxir-30cc05ce93e5240ec06c6b02959d5fe6 img.avia_image{\nbox-shadow:none;\n}\n.avia-image-container.av-lsfzyxir-30cc05ce93e5240ec06c6b02959d5fe6 .av-image-caption-overlay-center{\ncolor:#ffffff;\n}\n<\/style>\n<div  class='avia-image-container av-lsfzyxir-30cc05ce93e5240ec06c6b02959d5fe6 av-styling-no-styling avia-align-center  avia-builder-el-6  el_after_av_textblock  el_before_av_textblock '   itemprop=\"image\" itemscope=\"itemscope\" itemtype=\"https:\/\/schema.org\/ImageObject\" ><div class=\"avia-image-container-inner\"><div class=\"avia-image-overlay-wrap\"><img decoding=\"async\" fetchpriority=\"high\" class='wp-image-572 avia-img-lazy-loading-not-572 avia_image ' src=\"http:\/\/nanapetzet.de\/np\/wp-content\/uploads\/2024\/02\/reversion-2.jpg\" alt='' title=''  height=\"743\" width=\"1000\"  itemprop=\"thumbnailUrl\" srcset=\"http:\/\/nanapetzet.de\/np\/wp-content\/uploads\/2024\/02\/reversion-2.jpg 1000w, http:\/\/nanapetzet.de\/np\/wp-content\/uploads\/2024\/02\/reversion-2-300x223.jpg 300w, http:\/\/nanapetzet.de\/np\/wp-content\/uploads\/2024\/02\/reversion-2-768x571.jpg 768w, http:\/\/nanapetzet.de\/np\/wp-content\/uploads\/2024\/02\/reversion-2-705x524.jpg 705w\" sizes=\"(max-width: 1000px) 100vw, 1000px\" \/><\/div><\/div><\/div><br \/>\n\n<style type=\"text\/css\" data-created_by=\"avia_inline_auto\" id=\"style-css-av-lsfzzgxp-b92d7e3f6270d693c63d5bc0ca5a687e\">\n#top .av_textblock_section.av-lsfzzgxp-b92d7e3f6270d693c63d5bc0ca5a687e .avia_textblock{\ncolor:#000000;\n}\n<\/style>\n<section  class='av_textblock_section av-lsfzzgxp-b92d7e3f6270d693c63d5bc0ca5a687e '   itemscope=\"itemscope\" itemtype=\"https:\/\/schema.org\/CreativeWork\" ><div class='avia_textblock av_inherit_color'  itemprop=\"text\" ><p><b>2<\/b> Nana Petzet h\u00e4lt Vortrag \u00fcber Zeitumkehr, Tafelzeichnung <em>Zoschkascher Glasversuch<\/em>, Ausstellung <em>Nos Sciences Naturelles<\/em>, Centre d&#8217;Art Contemporain FRI-ART, Fribourg, 30. Mai 1992<strong><br \/>\n<\/strong><\/p>\n<\/div><\/section><br \/>\n\n<style type=\"text\/css\" data-created_by=\"avia_inline_auto\" id=\"style-css-av-lsg00kco-17013a537339a790465a0085de00f614\">\n.avia-video.av-lsg00kco-17013a537339a790465a0085de00f614{\nbackground-image:url(http:\/\/nanapetzet.de\/np\/wp-content\/uploads\/2024\/05\/reversion.jpg);\n}\n<\/style>\n<div  class='avia-video av-lsg00kco-17013a537339a790465a0085de00f614 avia-video-16-9 av-preview-image avia-video-confirm_all av-lazyload-video-embed'  itemprop=\"video\" itemtype=\"https:\/\/schema.org\/VideoObject\"  data-original_url='https:\/\/vimeo.com\/674445627'><script type='text\/html' class='av-video-tmpl'><a href=\"https:\/\/vimeo.com\/674445627\">https:\/\/vimeo.com\/674445627<\/a><\/script><div class='av-click-to-play-overlay'><div class=\"avia_playpause_icon\"><\/div><\/div><\/div><br \/>\n\n<style type=\"text\/css\" data-created_by=\"avia_inline_auto\" id=\"style-css-av-lsg00rnf-9a865a511b2e1c2855d2f2aedb752639\">\n#top .av_textblock_section.av-lsg00rnf-9a865a511b2e1c2855d2f2aedb752639 .avia_textblock{\ncolor:#000000;\n}\n<\/style>\n<section  class='av_textblock_section av-lsg00rnf-9a865a511b2e1c2855d2f2aedb752639 '   itemscope=\"itemscope\" itemtype=\"https:\/\/schema.org\/CreativeWork\" ><div class='avia_textblock av_inherit_color'  itemprop=\"text\" ><p><b>3<\/b><strong><br \/>\n<\/strong><\/p>\n<\/div><\/section><br \/>\n\n<style type=\"text\/css\" data-created_by=\"avia_inline_auto\" id=\"style-css-av-lsg015ti-5b7d75294616bf16acf1cab84e09161b\">\n.avia-image-container.av-lsg015ti-5b7d75294616bf16acf1cab84e09161b img.avia_image{\nbox-shadow:none;\n}\n.avia-image-container.av-lsg015ti-5b7d75294616bf16acf1cab84e09161b .av-image-caption-overlay-center{\ncolor:#ffffff;\n}\n<\/style>\n<div  class='avia-image-container av-lsg015ti-5b7d75294616bf16acf1cab84e09161b av-styling-no-styling avia-align-center  avia-builder-el-10  el_after_av_textblock  el_before_av_textblock '   itemprop=\"image\" itemscope=\"itemscope\" itemtype=\"https:\/\/schema.org\/ImageObject\" ><div class=\"avia-image-container-inner\"><div class=\"avia-image-overlay-wrap\"><img decoding=\"async\" fetchpriority=\"high\" class='wp-image-568 avia-img-lazy-loading-not-568 avia_image ' src=\"http:\/\/nanapetzet.de\/np\/wp-content\/uploads\/2024\/02\/NanaPetzet-Reversion-QuirinLeppert_1.jpg\" alt='' title=''  height=\"310\" width=\"1000\"  itemprop=\"thumbnailUrl\" srcset=\"http:\/\/nanapetzet.de\/np\/wp-content\/uploads\/2024\/02\/NanaPetzet-Reversion-QuirinLeppert_1.jpg 1000w, http:\/\/nanapetzet.de\/np\/wp-content\/uploads\/2024\/02\/NanaPetzet-Reversion-QuirinLeppert_1-300x93.jpg 300w, http:\/\/nanapetzet.de\/np\/wp-content\/uploads\/2024\/02\/NanaPetzet-Reversion-QuirinLeppert_1-768x238.jpg 768w, http:\/\/nanapetzet.de\/np\/wp-content\/uploads\/2024\/02\/NanaPetzet-Reversion-QuirinLeppert_1-705x219.jpg 705w\" sizes=\"(max-width: 1000px) 100vw, 1000px\" \/><\/div><\/div><\/div><br \/>\n\n<style type=\"text\/css\" data-created_by=\"avia_inline_auto\" id=\"style-css-av-lsg01bng-f057f600eb5971800a0837e19b691a51\">\n#top .av_textblock_section.av-lsg01bng-f057f600eb5971800a0837e19b691a51 .avia_textblock{\ncolor:#000000;\n}\n<\/style>\n<section  class='av_textblock_section av-lsg01bng-f057f600eb5971800a0837e19b691a51 '   itemscope=\"itemscope\" itemtype=\"https:\/\/schema.org\/CreativeWork\" ><div class='avia_textblock av_inherit_color'  itemprop=\"text\" ><p><b>4<\/b><strong><br \/>\n<\/strong><\/p>\n<\/div><\/section><br \/>\n\n<style type=\"text\/css\" data-created_by=\"avia_inline_auto\" id=\"style-css-av-lsg01k5l-903e7a2bcc39c53c23a8af29e3aecec0\">\n.avia-image-container.av-lsg01k5l-903e7a2bcc39c53c23a8af29e3aecec0 img.avia_image{\nbox-shadow:none;\n}\n.avia-image-container.av-lsg01k5l-903e7a2bcc39c53c23a8af29e3aecec0 .av-image-caption-overlay-center{\ncolor:#ffffff;\n}\n<\/style>\n<div  class='avia-image-container av-lsg01k5l-903e7a2bcc39c53c23a8af29e3aecec0 av-styling-no-styling avia-align-center  avia-builder-el-12  el_after_av_textblock  el_before_av_textblock '   itemprop=\"image\" itemscope=\"itemscope\" itemtype=\"https:\/\/schema.org\/ImageObject\" ><div class=\"avia-image-container-inner\"><div class=\"avia-image-overlay-wrap\"><img decoding=\"async\" fetchpriority=\"high\" class='wp-image-569 avia-img-lazy-loading-not-569 avia_image ' src=\"http:\/\/nanapetzet.de\/np\/wp-content\/uploads\/2024\/02\/NanaPetzet-Reversion-QuirinLeppert_2.jpg\" alt='' title=''  height=\"302\" width=\"1000\"  itemprop=\"thumbnailUrl\" srcset=\"http:\/\/nanapetzet.de\/np\/wp-content\/uploads\/2024\/02\/NanaPetzet-Reversion-QuirinLeppert_2.jpg 1000w, http:\/\/nanapetzet.de\/np\/wp-content\/uploads\/2024\/02\/NanaPetzet-Reversion-QuirinLeppert_2-300x91.jpg 300w, http:\/\/nanapetzet.de\/np\/wp-content\/uploads\/2024\/02\/NanaPetzet-Reversion-QuirinLeppert_2-768x232.jpg 768w, http:\/\/nanapetzet.de\/np\/wp-content\/uploads\/2024\/02\/NanaPetzet-Reversion-QuirinLeppert_2-705x213.jpg 705w\" sizes=\"(max-width: 1000px) 100vw, 1000px\" \/><\/div><\/div><\/div><br \/>\n\n<style type=\"text\/css\" data-created_by=\"avia_inline_auto\" id=\"style-css-av-lsg01qv0-f51132c04177d78f8756bd006ebe4c88\">\n#top .av_textblock_section.av-lsg01qv0-f51132c04177d78f8756bd006ebe4c88 .avia_textblock{\ncolor:#000000;\n}\n<\/style>\n<section  class='av_textblock_section av-lsg01qv0-f51132c04177d78f8756bd006ebe4c88 '   itemscope=\"itemscope\" itemtype=\"https:\/\/schema.org\/CreativeWork\" ><div class='avia_textblock av_inherit_color'  itemprop=\"text\" ><p><b>5<\/b><strong><br \/>\n<\/strong><\/p>\n<\/div><\/section><br \/>\n\n<style type=\"text\/css\" data-created_by=\"avia_inline_auto\" id=\"style-css-av-lsg01zu3-f50fa5af281d7f0292799c2d7698cd58\">\n.avia-image-container.av-lsg01zu3-f50fa5af281d7f0292799c2d7698cd58 img.avia_image{\nbox-shadow:none;\n}\n.avia-image-container.av-lsg01zu3-f50fa5af281d7f0292799c2d7698cd58 .av-image-caption-overlay-center{\ncolor:#ffffff;\n}\n<\/style>\n<div  class='avia-image-container av-lsg01zu3-f50fa5af281d7f0292799c2d7698cd58 av-styling-no-styling avia-align-center  avia-builder-el-14  el_after_av_textblock  el_before_av_textblock '   itemprop=\"image\" itemscope=\"itemscope\" itemtype=\"https:\/\/schema.org\/ImageObject\" ><div class=\"avia-image-container-inner\"><div class=\"avia-image-overlay-wrap\"><img decoding=\"async\" fetchpriority=\"high\" class='wp-image-570 avia-img-lazy-loading-not-570 avia_image ' src=\"http:\/\/nanapetzet.de\/np\/wp-content\/uploads\/2024\/02\/NanaPetzet-Reversion-QuirinLeppert_3.jpg\" alt='' title=''  height=\"297\" width=\"1000\"  itemprop=\"thumbnailUrl\" srcset=\"http:\/\/nanapetzet.de\/np\/wp-content\/uploads\/2024\/02\/NanaPetzet-Reversion-QuirinLeppert_3.jpg 1000w, http:\/\/nanapetzet.de\/np\/wp-content\/uploads\/2024\/02\/NanaPetzet-Reversion-QuirinLeppert_3-300x89.jpg 300w, http:\/\/nanapetzet.de\/np\/wp-content\/uploads\/2024\/02\/NanaPetzet-Reversion-QuirinLeppert_3-768x228.jpg 768w, http:\/\/nanapetzet.de\/np\/wp-content\/uploads\/2024\/02\/NanaPetzet-Reversion-QuirinLeppert_3-705x209.jpg 705w\" sizes=\"(max-width: 1000px) 100vw, 1000px\" \/><\/div><\/div><\/div><br \/>\n\n<style type=\"text\/css\" data-created_by=\"avia_inline_auto\" id=\"style-css-av-lsg025fb-e4384fc2e9a7be5c8985c36b4f153bda\">\n#top .av_textblock_section.av-lsg025fb-e4384fc2e9a7be5c8985c36b4f153bda .avia_textblock{\ncolor:#000000;\n}\n<\/style>\n<section  class='av_textblock_section av-lsg025fb-e4384fc2e9a7be5c8985c36b4f153bda '   itemscope=\"itemscope\" itemtype=\"https:\/\/schema.org\/CreativeWork\" ><div class='avia_textblock av_inherit_color'  itemprop=\"text\" ><p><b>6<\/b><strong><br \/>\n<\/strong><\/p>\n<\/div><\/section><br \/>\n\n<style type=\"text\/css\" data-created_by=\"avia_inline_auto\" id=\"style-css-av-lsg02lrz-452ec5766f5c41126185c401d457c5f6\">\n.avia-image-container.av-lsg02lrz-452ec5766f5c41126185c401d457c5f6 img.avia_image{\nbox-shadow:none;\n}\n.avia-image-container.av-lsg02lrz-452ec5766f5c41126185c401d457c5f6 .av-image-caption-overlay-center{\ncolor:#ffffff;\n}\n<\/style>\n<div  class='avia-image-container av-lsg02lrz-452ec5766f5c41126185c401d457c5f6 av-styling-no-styling avia-align-center  avia-builder-el-16  el_after_av_textblock  el_before_av_textblock '   itemprop=\"image\" itemscope=\"itemscope\" itemtype=\"https:\/\/schema.org\/ImageObject\" ><div class=\"avia-image-container-inner\"><div class=\"avia-image-overlay-wrap\"><img decoding=\"async\" fetchpriority=\"high\" class='wp-image-571 avia-img-lazy-loading-not-571 avia_image ' src=\"http:\/\/nanapetzet.de\/np\/wp-content\/uploads\/2024\/02\/reversion-1.jpg\" alt='' title=''  height=\"705\" width=\"1000\"  itemprop=\"thumbnailUrl\" srcset=\"http:\/\/nanapetzet.de\/np\/wp-content\/uploads\/2024\/02\/reversion-1.jpg 1000w, http:\/\/nanapetzet.de\/np\/wp-content\/uploads\/2024\/02\/reversion-1-300x212.jpg 300w, http:\/\/nanapetzet.de\/np\/wp-content\/uploads\/2024\/02\/reversion-1-768x541.jpg 768w, http:\/\/nanapetzet.de\/np\/wp-content\/uploads\/2024\/02\/reversion-1-705x497.jpg 705w\" sizes=\"(max-width: 1000px) 100vw, 1000px\" \/><\/div><\/div><\/div><br \/>\n\n<style type=\"text\/css\" data-created_by=\"avia_inline_auto\" id=\"style-css-av-lsg02syd-9d9e962d835ec4f89fd9cafd447c1dcb\">\n#top .av_textblock_section.av-lsg02syd-9d9e962d835ec4f89fd9cafd447c1dcb .avia_textblock{\ncolor:#000000;\n}\n<\/style>\n<section  class='av_textblock_section av-lsg02syd-9d9e962d835ec4f89fd9cafd447c1dcb '   itemscope=\"itemscope\" itemtype=\"https:\/\/schema.org\/CreativeWork\" ><div class='avia_textblock av_inherit_color'  itemprop=\"text\" ><p><b>7 <\/b>Nana Petzet und der Atomphysiker Jean Claude Dousse, Gespr\u00e4ch \u00fcber M\u00f6glichkeiten der Zeitumkehr, Universit\u00e9 de Fribourg, 1992\u00a0<strong><br \/>\n<\/strong><\/p>\n<\/div><\/section><br \/>\n<section  class='av_textblock_section av-lsg031sv-5327c63161ce156e0ddd52150c480a82 '   itemscope=\"itemscope\" itemtype=\"https:\/\/schema.org\/CreativeWork\" ><div class='avia_textblock'  itemprop=\"text\" ><p>Abb. 1, 2, 7, Fotos: Eliane Laubscher<br \/>\nAbb. 4-6, Fotos: Quirin Leppert<\/p>\n<\/div><\/section><\/p><\/div>\n","protected":false},"excerpt":{"rendered":"","protected":false},"author":1,"featured_media":0,"parent":53,"menu_order":14,"comment_status":"closed","ping_status":"closed","template":"","meta":{"footnotes":""},"class_list":["post-566","page","type-page","status-publish","hentry"],"_links":{"self":[{"href":"http:\/\/nanapetzet.de\/np\/wp-json\/wp\/v2\/pages\/566","targetHints":{"allow":["GET"]}}],"collection":[{"href":"http:\/\/nanapetzet.de\/np\/wp-json\/wp\/v2\/pages"}],"about":[{"href":"http:\/\/nanapetzet.de\/np\/wp-json\/wp\/v2\/types\/page"}],"author":[{"embeddable":true,"href":"http:\/\/nanapetzet.de\/np\/wp-json\/wp\/v2\/users\/1"}],"replies":[{"embeddable":true,"href":"http:\/\/nanapetzet.de\/np\/wp-json\/wp\/v2\/comments?post=566"}],"version-history":[{"count":5,"href":"http:\/\/nanapetzet.de\/np\/wp-json\/wp\/v2\/pages\/566\/revisions"}],"predecessor-version":[{"id":948,"href":"http:\/\/nanapetzet.de\/np\/wp-json\/wp\/v2\/pages\/566\/revisions\/948"}],"up":[{"embeddable":true,"href":"http:\/\/nanapetzet.de\/np\/wp-json\/wp\/v2\/pages\/53"}],"wp:attachment":[{"href":"http:\/\/nanapetzet.de\/np\/wp-json\/wp\/v2\/media?parent=566"}],"curies":[{"name":"wp","href":"https:\/\/api.w.org\/{rel}","templated":true}]}}