{"id":55,"date":"2023-12-30T17:09:34","date_gmt":"2023-12-30T16:09:34","guid":{"rendered":"http:\/\/nanapetzet.de\/np\/?page_id=55"},"modified":"2024-01-23T21:42:43","modified_gmt":"2024-01-23T20:42:43","slug":"community-cooker_de","status":"publish","type":"page","link":"http:\/\/nanapetzet.de\/np\/arbeiten-muell_de\/community-cooker_de\/","title":{"rendered":"Community Cooker_de"},"content":{"rendered":"\n<style type=\"text\/css\" data-created_by=\"avia_inline_auto\" id=\"style-css-av-gldd7-22a681d01c0ddb93da277d1ec47c06c9\">\n.flex_column.av-gldd7-22a681d01c0ddb93da277d1ec47c06c9{\npadding:20px 20px 20px 20px;\nbackground-color:#eeeeee;\n}\n<\/style>\n<div  class='flex_column av-gldd7-22a681d01c0ddb93da277d1ec47c06c9 av_one_full  avia-builder-el-0  avia-builder-el-no-sibling  first no_margin flex_column_div  '     ><section  class='av_textblock_section av-fphg7-6543b06b786e6c9e2ab538b3e7f475d2 '   itemscope=\"itemscope\" itemtype=\"https:\/\/schema.org\/CreativeWork\" ><div class='avia_textblock'  itemprop=\"text\" ><h2>Community Cooker<\/h2>\n<\/div><\/section><br \/>\n<section  class='av_textblock_section av-fe9ij-8c92b202246ed65ce16db6fcf405cd52 '   itemscope=\"itemscope\" itemtype=\"https:\/\/schema.org\/CreativeWork\" ><div class='avia_textblock'  itemprop=\"text\" ><h4>Die Idee zum Community Cooker entstand im Rahmen des Design, Kunst und Theorie Festivals<br \/>\n<a href=\"http:\/\/muellprojekt.de\/projekt\/\" target=\"_blank\" rel=\"noopener\">Das M\u00fcllprojekt<\/a> 03. &#8211; 18. Juni 2017, Recyclinghof St. Pauli.<br \/>\nOrganisiert von Anke Haarmann, Harald Lemke und Nana Petzet, gef\u00f6rdert durch den Elbkulturfond.<\/h4>\n<\/div><\/section><br \/>\n<section  class='av_textblock_section av-lrqt5l76-12a2d0aee794a3acc5adc45259982489 '   itemscope=\"itemscope\" itemtype=\"https:\/\/schema.org\/CreativeWork\" ><div class='avia_textblock'  itemprop=\"text\" ><p>\u201eGetrennt sammeln, gemeinsam verbrennen\u201c lautete auf einer Fachtagung der Hamburger Abfallressourcenwirtschaft im Februar 2016 ein ganzer Themenblock. Der Slogan zeigt deutlich die Aktualit\u00e4t der Frage, die seit Einf\u00fchrung des Dualen Systems die sammelnden B\u00fcrger bewegt: \u201cWerden die von mir getrennt gesammelten Wertstoffe tats\u00e4chlich recycelt?\u201c In Hamburg landet ein gro\u00dfer Teil der Siedlungsabf\u00e4lle in der M\u00fcllverbrennung, darunter auch Verpackungsm\u00fcll mit dem gr\u00fcnen Punkt. Vor diesem Hintergrund lie\u00df Nana Petzet eine lokale M\u00fcllverbrennungsanlage nach dem Vorbild der in Kenia entwickelten Community Cookers bauen: gemeinschaftlich genutzte Herde, die mit Kunststoffabf\u00e4llen betrieben werden. Der von 9minus8 *art support und Jochen Weber konzipierte und realisierte Brennofen wurde im Oktober 2017 auf einem Gel\u00e4nde der Veddel erstmals getestet. Kerstin Kuchta von der TU Hamburg nahm bei der Testverbrennung Abgasproben.<\/p>\n<\/div><\/section><br \/>\n\n<style type=\"text\/css\" data-created_by=\"avia_inline_auto\" id=\"style-css-av-eukkb-4ba6f6122f016ec43b371aa5ade32b72\">\n.avia-image-container.av-eukkb-4ba6f6122f016ec43b371aa5ade32b72 img.avia_image{\nbox-shadow:none;\n}\n.avia-image-container.av-eukkb-4ba6f6122f016ec43b371aa5ade32b72 .av-image-caption-overlay-center{\ncolor:#ffffff;\n}\n<\/style>\n<div  class='avia-image-container av-eukkb-4ba6f6122f016ec43b371aa5ade32b72 av-styling-no-styling avia-align-center  avia-builder-el-4  el_after_av_textblock  el_before_av_textblock '   itemprop=\"image\" itemscope=\"itemscope\" itemtype=\"https:\/\/schema.org\/ImageObject\" ><div class=\"avia-image-container-inner\"><div class=\"avia-image-overlay-wrap\"><img decoding=\"async\" fetchpriority=\"high\" class='wp-image-251 avia-img-lazy-loading-not-251 avia_image ' src=\"http:\/\/nanapetzet.de\/np\/wp-content\/uploads\/2024\/01\/muellprojekt_nanapetzet_1.jpg\" alt='' title=''  height=\"921\" width=\"1382\"  itemprop=\"thumbnailUrl\" srcset=\"http:\/\/nanapetzet.de\/np\/wp-content\/uploads\/2024\/01\/muellprojekt_nanapetzet_1.jpg 1382w, http:\/\/nanapetzet.de\/np\/wp-content\/uploads\/2024\/01\/muellprojekt_nanapetzet_1-300x200.jpg 300w, http:\/\/nanapetzet.de\/np\/wp-content\/uploads\/2024\/01\/muellprojekt_nanapetzet_1-1030x686.jpg 1030w, http:\/\/nanapetzet.de\/np\/wp-content\/uploads\/2024\/01\/muellprojekt_nanapetzet_1-768x512.jpg 768w, http:\/\/nanapetzet.de\/np\/wp-content\/uploads\/2024\/01\/muellprojekt_nanapetzet_1-705x470.jpg 705w\" sizes=\"(max-width: 1382px) 100vw, 1382px\" \/><\/div><\/div><\/div><br \/>\n\n<style type=\"text\/css\" data-created_by=\"avia_inline_auto\" id=\"style-css-av-dvubz-39db61b402067fefc43bfffcef877592\">\n#top .av_textblock_section.av-dvubz-39db61b402067fefc43bfffcef877592 .avia_textblock{\ncolor:#000000;\n}\n<\/style>\n<section  class='av_textblock_section av-dvubz-39db61b402067fefc43bfffcef877592 '   itemscope=\"itemscope\" itemtype=\"https:\/\/schema.org\/CreativeWork\" ><div class='avia_textblock av_inherit_color'  itemprop=\"text\" ><p><b>1<\/b> M\u00fcllverwertungsanlage Rugenberger Damm, Hamburg 2017<strong><br \/>\n<\/strong><\/p>\n<\/div><\/section><br \/>\n\n<style type=\"text\/css\" data-created_by=\"avia_inline_auto\" id=\"style-css-av-lrqt96wj-097c4845df91583f132724536ebcc381\">\n.avia-image-container.av-lrqt96wj-097c4845df91583f132724536ebcc381 img.avia_image{\nbox-shadow:none;\n}\n.avia-image-container.av-lrqt96wj-097c4845df91583f132724536ebcc381 .av-image-caption-overlay-center{\ncolor:#ffffff;\n}\n<\/style>\n<div  class='avia-image-container av-lrqt96wj-097c4845df91583f132724536ebcc381 av-styling-no-styling avia-align-center  avia-builder-el-6  el_after_av_textblock  el_before_av_textblock '   itemprop=\"image\" itemscope=\"itemscope\" itemtype=\"https:\/\/schema.org\/ImageObject\" ><div class=\"avia-image-container-inner\"><div class=\"avia-image-overlay-wrap\"><img decoding=\"async\" fetchpriority=\"high\" class='wp-image-262 avia-img-lazy-loading-not-262 avia_image ' src=\"http:\/\/nanapetzet.de\/np\/wp-content\/uploads\/2024\/01\/Petzet_CommunityC_Test_10.jpg\" alt='' title=''  height=\"1333\" width=\"1000\"  itemprop=\"thumbnailUrl\" srcset=\"http:\/\/nanapetzet.de\/np\/wp-content\/uploads\/2024\/01\/Petzet_CommunityC_Test_10.jpg 1000w, http:\/\/nanapetzet.de\/np\/wp-content\/uploads\/2024\/01\/Petzet_CommunityC_Test_10-225x300.jpg 225w, http:\/\/nanapetzet.de\/np\/wp-content\/uploads\/2024\/01\/Petzet_CommunityC_Test_10-773x1030.jpg 773w, http:\/\/nanapetzet.de\/np\/wp-content\/uploads\/2024\/01\/Petzet_CommunityC_Test_10-768x1024.jpg 768w, http:\/\/nanapetzet.de\/np\/wp-content\/uploads\/2024\/01\/Petzet_CommunityC_Test_10-529x705.jpg 529w\" sizes=\"(max-width: 1000px) 100vw, 1000px\" \/><\/div><\/div><\/div><br \/>\n\n<style type=\"text\/css\" data-created_by=\"avia_inline_auto\" id=\"style-css-av-lrqt9bgu-7d196ea602a0885138c22ae30bda58b5\">\n#top .av_textblock_section.av-lrqt9bgu-7d196ea602a0885138c22ae30bda58b5 .avia_textblock{\ncolor:#000000;\n}\n<\/style>\n<section  class='av_textblock_section av-lrqt9bgu-7d196ea602a0885138c22ae30bda58b5 '   itemscope=\"itemscope\" itemtype=\"https:\/\/schema.org\/CreativeWork\" ><div class='avia_textblock av_inherit_color'  itemprop=\"text\" ><p><b>2<\/b> Brennofen-Konzeption und Ausf\u00fchrung 9minus8 *art support und Jochen Weber<strong><br \/>\n<\/strong><\/p>\n<\/div><\/section><br \/>\n\n<style type=\"text\/css\" data-created_by=\"avia_inline_auto\" id=\"style-css-av-lrqt9zad-8c9e4fe51df223d1ceaa7353bc774fe6\">\n.avia-image-container.av-lrqt9zad-8c9e4fe51df223d1ceaa7353bc774fe6 img.avia_image{\nbox-shadow:none;\n}\n.avia-image-container.av-lrqt9zad-8c9e4fe51df223d1ceaa7353bc774fe6 .av-image-caption-overlay-center{\ncolor:#ffffff;\n}\n<\/style>\n<div  class='avia-image-container av-lrqt9zad-8c9e4fe51df223d1ceaa7353bc774fe6 av-styling-no-styling avia-align-center  avia-builder-el-8  el_after_av_textblock  el_before_av_textblock '   itemprop=\"image\" itemscope=\"itemscope\" itemtype=\"https:\/\/schema.org\/ImageObject\" ><div class=\"avia-image-container-inner\"><div class=\"avia-image-overlay-wrap\"><img decoding=\"async\" fetchpriority=\"high\" class='wp-image-254 avia-img-lazy-loading-not-254 avia_image ' src=\"http:\/\/nanapetzet.de\/np\/wp-content\/uploads\/2024\/01\/Petzet_CommunityC_Test_2.jpg\" alt='' title=''  height=\"750\" width=\"1000\"  itemprop=\"thumbnailUrl\" srcset=\"http:\/\/nanapetzet.de\/np\/wp-content\/uploads\/2024\/01\/Petzet_CommunityC_Test_2.jpg 1000w, http:\/\/nanapetzet.de\/np\/wp-content\/uploads\/2024\/01\/Petzet_CommunityC_Test_2-300x225.jpg 300w, http:\/\/nanapetzet.de\/np\/wp-content\/uploads\/2024\/01\/Petzet_CommunityC_Test_2-768x576.jpg 768w, http:\/\/nanapetzet.de\/np\/wp-content\/uploads\/2024\/01\/Petzet_CommunityC_Test_2-705x529.jpg 705w\" sizes=\"(max-width: 1000px) 100vw, 1000px\" \/><\/div><\/div><\/div><br \/>\n\n<style type=\"text\/css\" data-created_by=\"avia_inline_auto\" id=\"style-css-av-lrqta7ne-f7361a6cf4e8a309897dfea686bcf500\">\n#top .av_textblock_section.av-lrqta7ne-f7361a6cf4e8a309897dfea686bcf500 .avia_textblock{\ncolor:#000000;\n}\n<\/style>\n<section  class='av_textblock_section av-lrqta7ne-f7361a6cf4e8a309897dfea686bcf500 '   itemscope=\"itemscope\" itemtype=\"https:\/\/schema.org\/CreativeWork\" ><div class='avia_textblock av_inherit_color'  itemprop=\"text\" ><p><b>3<\/b> Test des <em>Community Cookers<\/em> am 20.10.2017 mit der Professorin f\u00fcr Europ\u00e4ische Ethnologie\/ Volkskunde Sonja Windm\u00fcller an der Christian-Albrechts-Universit\u00e4t zu Kiel und der Professorin f\u00fcr Abfallressourcenwirtschaft an der TU Hamburg, Kerstin Kuchta <strong><br \/>\n<\/strong><\/p>\n<\/div><\/section><br \/>\n\n<style type=\"text\/css\" data-created_by=\"avia_inline_auto\" id=\"style-css-av-lrqtaux6-013d9ba8169057dbecc17cbf48e54f29\">\n.avia-image-container.av-lrqtaux6-013d9ba8169057dbecc17cbf48e54f29 img.avia_image{\nbox-shadow:none;\n}\n.avia-image-container.av-lrqtaux6-013d9ba8169057dbecc17cbf48e54f29 .av-image-caption-overlay-center{\ncolor:#ffffff;\n}\n<\/style>\n<div  class='avia-image-container av-lrqtaux6-013d9ba8169057dbecc17cbf48e54f29 av-styling-no-styling avia-align-center  avia-builder-el-10  el_after_av_textblock  el_before_av_textblock '   itemprop=\"image\" itemscope=\"itemscope\" itemtype=\"https:\/\/schema.org\/ImageObject\" ><div class=\"avia-image-container-inner\"><div class=\"avia-image-overlay-wrap\"><img decoding=\"async\" fetchpriority=\"high\" class='wp-image-255 avia-img-lazy-loading-not-255 avia_image ' src=\"http:\/\/nanapetzet.de\/np\/wp-content\/uploads\/2024\/01\/Petzet_CommunityC_Test_3.jpg\" alt='' title=''  height=\"750\" width=\"1000\"  itemprop=\"thumbnailUrl\" srcset=\"http:\/\/nanapetzet.de\/np\/wp-content\/uploads\/2024\/01\/Petzet_CommunityC_Test_3.jpg 1000w, http:\/\/nanapetzet.de\/np\/wp-content\/uploads\/2024\/01\/Petzet_CommunityC_Test_3-300x225.jpg 300w, http:\/\/nanapetzet.de\/np\/wp-content\/uploads\/2024\/01\/Petzet_CommunityC_Test_3-768x576.jpg 768w, http:\/\/nanapetzet.de\/np\/wp-content\/uploads\/2024\/01\/Petzet_CommunityC_Test_3-705x529.jpg 705w\" sizes=\"(max-width: 1000px) 100vw, 1000px\" \/><\/div><\/div><\/div><br \/>\n\n<style type=\"text\/css\" data-created_by=\"avia_inline_auto\" id=\"style-css-av-lrqtb1a5-9dc4a6e664600674a3189d924c0c29c9\">\n#top .av_textblock_section.av-lrqtb1a5-9dc4a6e664600674a3189d924c0c29c9 .avia_textblock{\ncolor:#000000;\n}\n<\/style>\n<section  class='av_textblock_section av-lrqtb1a5-9dc4a6e664600674a3189d924c0c29c9 '   itemscope=\"itemscope\" itemtype=\"https:\/\/schema.org\/CreativeWork\" ><div class='avia_textblock av_inherit_color'  itemprop=\"text\" ><p><b>4<\/b><strong><br \/>\n<\/strong><\/p>\n<\/div><\/section><br \/>\n\n<style type=\"text\/css\" data-created_by=\"avia_inline_auto\" id=\"style-css-av-lrqtbj38-3a45f6c11293bc0ab6ee24ff1d4c5436\">\n.avia-image-container.av-lrqtbj38-3a45f6c11293bc0ab6ee24ff1d4c5436 img.avia_image{\nbox-shadow:none;\n}\n.avia-image-container.av-lrqtbj38-3a45f6c11293bc0ab6ee24ff1d4c5436 .av-image-caption-overlay-center{\ncolor:#ffffff;\n}\n<\/style>\n<div  class='avia-image-container av-lrqtbj38-3a45f6c11293bc0ab6ee24ff1d4c5436 av-styling-no-styling avia-align-center  avia-builder-el-12  el_after_av_textblock  el_before_av_textblock '   itemprop=\"image\" itemscope=\"itemscope\" itemtype=\"https:\/\/schema.org\/ImageObject\" ><div class=\"avia-image-container-inner\"><div class=\"avia-image-overlay-wrap\"><img decoding=\"async\" fetchpriority=\"high\" class='wp-image-256 avia-img-lazy-loading-not-256 avia_image ' src=\"http:\/\/nanapetzet.de\/np\/wp-content\/uploads\/2024\/01\/Petzet_CommunityC_Test_4.jpg\" alt='' title=''  height=\"750\" width=\"1000\"  itemprop=\"thumbnailUrl\" srcset=\"http:\/\/nanapetzet.de\/np\/wp-content\/uploads\/2024\/01\/Petzet_CommunityC_Test_4.jpg 1000w, http:\/\/nanapetzet.de\/np\/wp-content\/uploads\/2024\/01\/Petzet_CommunityC_Test_4-300x225.jpg 300w, http:\/\/nanapetzet.de\/np\/wp-content\/uploads\/2024\/01\/Petzet_CommunityC_Test_4-768x576.jpg 768w, http:\/\/nanapetzet.de\/np\/wp-content\/uploads\/2024\/01\/Petzet_CommunityC_Test_4-705x529.jpg 705w\" sizes=\"(max-width: 1000px) 100vw, 1000px\" \/><\/div><\/div><\/div><br \/>\n\n<style type=\"text\/css\" data-created_by=\"avia_inline_auto\" id=\"style-css-av-lrqtbost-6cc745a6900c253b1efe10b93a05b163\">\n#top .av_textblock_section.av-lrqtbost-6cc745a6900c253b1efe10b93a05b163 .avia_textblock{\ncolor:#000000;\n}\n<\/style>\n<section  class='av_textblock_section av-lrqtbost-6cc745a6900c253b1efe10b93a05b163 '   itemscope=\"itemscope\" itemtype=\"https:\/\/schema.org\/CreativeWork\" ><div class='avia_textblock av_inherit_color'  itemprop=\"text\" ><p><b>5<\/b><strong><br \/>\n<\/strong><\/p>\n<\/div><\/section><br \/>\n\n<style type=\"text\/css\" data-created_by=\"avia_inline_auto\" id=\"style-css-av-11y0j-3aa7fcca60c89da599e208db23e9fd12\">\n.avia-image-container.av-11y0j-3aa7fcca60c89da599e208db23e9fd12 img.avia_image{\nbox-shadow:none;\n}\n.avia-image-container.av-11y0j-3aa7fcca60c89da599e208db23e9fd12 .av-image-caption-overlay-center{\ncolor:#ffffff;\n}\n<\/style>\n<div  class='avia-image-container av-11y0j-3aa7fcca60c89da599e208db23e9fd12 av-styling-no-styling avia-align-center  avia-builder-el-14  el_after_av_textblock  el_before_av_textblock '   itemprop=\"image\" itemscope=\"itemscope\" itemtype=\"https:\/\/schema.org\/ImageObject\" ><div class=\"avia-image-container-inner\"><div class=\"avia-image-overlay-wrap\"><img decoding=\"async\" fetchpriority=\"high\" class='wp-image-257 avia-img-lazy-loading-not-257 avia_image ' src=\"http:\/\/nanapetzet.de\/np\/wp-content\/uploads\/2024\/01\/Petzet_CommunityC_Test_5.jpg\" alt='' title=''  height=\"750\" width=\"1000\"  itemprop=\"thumbnailUrl\" srcset=\"http:\/\/nanapetzet.de\/np\/wp-content\/uploads\/2024\/01\/Petzet_CommunityC_Test_5.jpg 1000w, http:\/\/nanapetzet.de\/np\/wp-content\/uploads\/2024\/01\/Petzet_CommunityC_Test_5-300x225.jpg 300w, http:\/\/nanapetzet.de\/np\/wp-content\/uploads\/2024\/01\/Petzet_CommunityC_Test_5-768x576.jpg 768w, http:\/\/nanapetzet.de\/np\/wp-content\/uploads\/2024\/01\/Petzet_CommunityC_Test_5-705x529.jpg 705w\" sizes=\"(max-width: 1000px) 100vw, 1000px\" \/><\/div><\/div><\/div><br \/>\n\n<style type=\"text\/css\" data-created_by=\"avia_inline_auto\" id=\"style-css-av-lrqtcc3u-75f70d32f1d784e298dca90c6ddd1a9f\">\n#top .av_textblock_section.av-lrqtcc3u-75f70d32f1d784e298dca90c6ddd1a9f .avia_textblock{\ncolor:#000000;\n}\n<\/style>\n<section  class='av_textblock_section av-lrqtcc3u-75f70d32f1d784e298dca90c6ddd1a9f '   itemscope=\"itemscope\" itemtype=\"https:\/\/schema.org\/CreativeWork\" ><div class='avia_textblock av_inherit_color'  itemprop=\"text\" ><p><b>6<\/b><strong><br \/>\n<\/strong><\/p>\n<\/div><\/section><br \/>\n\n<style type=\"text\/css\" data-created_by=\"avia_inline_auto\" id=\"style-css-av-lrqtcuso-01b51192ed7003756b8db37a42b4eb1b\">\n.avia-image-container.av-lrqtcuso-01b51192ed7003756b8db37a42b4eb1b img.avia_image{\nbox-shadow:none;\n}\n.avia-image-container.av-lrqtcuso-01b51192ed7003756b8db37a42b4eb1b .av-image-caption-overlay-center{\ncolor:#ffffff;\n}\n<\/style>\n<div  class='avia-image-container av-lrqtcuso-01b51192ed7003756b8db37a42b4eb1b av-styling-no-styling avia-align-center  avia-builder-el-16  el_after_av_textblock  el_before_av_textblock '   itemprop=\"image\" itemscope=\"itemscope\" itemtype=\"https:\/\/schema.org\/ImageObject\" ><div class=\"avia-image-container-inner\"><div class=\"avia-image-overlay-wrap\"><img decoding=\"async\" fetchpriority=\"high\" class='wp-image-258 avia-img-lazy-loading-not-258 avia_image ' src=\"http:\/\/nanapetzet.de\/np\/wp-content\/uploads\/2024\/01\/Petzet_CommunityC_Test_6.jpg\" alt='' title=''  height=\"750\" width=\"1000\"  itemprop=\"thumbnailUrl\" srcset=\"http:\/\/nanapetzet.de\/np\/wp-content\/uploads\/2024\/01\/Petzet_CommunityC_Test_6.jpg 1000w, http:\/\/nanapetzet.de\/np\/wp-content\/uploads\/2024\/01\/Petzet_CommunityC_Test_6-300x225.jpg 300w, http:\/\/nanapetzet.de\/np\/wp-content\/uploads\/2024\/01\/Petzet_CommunityC_Test_6-768x576.jpg 768w, http:\/\/nanapetzet.de\/np\/wp-content\/uploads\/2024\/01\/Petzet_CommunityC_Test_6-705x529.jpg 705w\" sizes=\"(max-width: 1000px) 100vw, 1000px\" \/><\/div><\/div><\/div><br \/>\n\n<style type=\"text\/css\" data-created_by=\"avia_inline_auto\" id=\"style-css-av-lrqtczrp-8ca17c1477814e85d29e072f821c435a\">\n#top .av_textblock_section.av-lrqtczrp-8ca17c1477814e85d29e072f821c435a .avia_textblock{\ncolor:#000000;\n}\n<\/style>\n<section  class='av_textblock_section av-lrqtczrp-8ca17c1477814e85d29e072f821c435a '   itemscope=\"itemscope\" itemtype=\"https:\/\/schema.org\/CreativeWork\" ><div class='avia_textblock av_inherit_color'  itemprop=\"text\" ><p><b>7<\/b><strong><br \/>\n<\/strong><\/p>\n<\/div><\/section><br \/>\n\n<style type=\"text\/css\" data-created_by=\"avia_inline_auto\" id=\"style-css-av-lrqtdbou-c3fe355ae3cb69a8183d6e4da66d5363\">\n.avia-image-container.av-lrqtdbou-c3fe355ae3cb69a8183d6e4da66d5363 img.avia_image{\nbox-shadow:none;\n}\n.avia-image-container.av-lrqtdbou-c3fe355ae3cb69a8183d6e4da66d5363 .av-image-caption-overlay-center{\ncolor:#ffffff;\n}\n<\/style>\n<div  class='avia-image-container av-lrqtdbou-c3fe355ae3cb69a8183d6e4da66d5363 av-styling-no-styling avia-align-center  avia-builder-el-18  el_after_av_textblock  el_before_av_textblock '   itemprop=\"image\" itemscope=\"itemscope\" itemtype=\"https:\/\/schema.org\/ImageObject\" ><div class=\"avia-image-container-inner\"><div class=\"avia-image-overlay-wrap\"><img decoding=\"async\" fetchpriority=\"high\" class='wp-image-259 avia-img-lazy-loading-not-259 avia_image ' src=\"http:\/\/nanapetzet.de\/np\/wp-content\/uploads\/2024\/01\/Petzet_CommunityC_Test_7.jpg\" alt='' title=''  height=\"750\" width=\"1000\"  itemprop=\"thumbnailUrl\" srcset=\"http:\/\/nanapetzet.de\/np\/wp-content\/uploads\/2024\/01\/Petzet_CommunityC_Test_7.jpg 1000w, http:\/\/nanapetzet.de\/np\/wp-content\/uploads\/2024\/01\/Petzet_CommunityC_Test_7-300x225.jpg 300w, http:\/\/nanapetzet.de\/np\/wp-content\/uploads\/2024\/01\/Petzet_CommunityC_Test_7-768x576.jpg 768w, http:\/\/nanapetzet.de\/np\/wp-content\/uploads\/2024\/01\/Petzet_CommunityC_Test_7-705x529.jpg 705w\" sizes=\"(max-width: 1000px) 100vw, 1000px\" \/><\/div><\/div><\/div><br \/>\n\n<style type=\"text\/css\" data-created_by=\"avia_inline_auto\" id=\"style-css-av-lrqtdj75-84b41f16c01e8a90594e2cb2ca193f4a\">\n#top .av_textblock_section.av-lrqtdj75-84b41f16c01e8a90594e2cb2ca193f4a .avia_textblock{\ncolor:#000000;\n}\n<\/style>\n<section  class='av_textblock_section av-lrqtdj75-84b41f16c01e8a90594e2cb2ca193f4a '   itemscope=\"itemscope\" itemtype=\"https:\/\/schema.org\/CreativeWork\" ><div class='avia_textblock av_inherit_color'  itemprop=\"text\" ><p><b>8<\/b><strong><br \/>\n<\/strong><\/p>\n<\/div><\/section><br \/>\n\n<style type=\"text\/css\" data-created_by=\"avia_inline_auto\" id=\"style-css-av-lrqte2y1-c8fba89d8801b99d9ab880b613275363\">\n.avia-image-container.av-lrqte2y1-c8fba89d8801b99d9ab880b613275363 img.avia_image{\nbox-shadow:none;\n}\n.avia-image-container.av-lrqte2y1-c8fba89d8801b99d9ab880b613275363 .av-image-caption-overlay-center{\ncolor:#ffffff;\n}\n<\/style>\n<div  class='avia-image-container av-lrqte2y1-c8fba89d8801b99d9ab880b613275363 av-styling-no-styling avia-align-center  avia-builder-el-20  el_after_av_textblock  el_before_av_textblock '   itemprop=\"image\" itemscope=\"itemscope\" itemtype=\"https:\/\/schema.org\/ImageObject\" ><div class=\"avia-image-container-inner\"><div class=\"avia-image-overlay-wrap\"><img decoding=\"async\" fetchpriority=\"high\" class='wp-image-260 avia-img-lazy-loading-not-260 avia_image ' src=\"http:\/\/nanapetzet.de\/np\/wp-content\/uploads\/2024\/01\/Petzet_CommunityC_Test_8.jpg\" alt='' title=''  height=\"750\" width=\"1000\"  itemprop=\"thumbnailUrl\" srcset=\"http:\/\/nanapetzet.de\/np\/wp-content\/uploads\/2024\/01\/Petzet_CommunityC_Test_8.jpg 1000w, http:\/\/nanapetzet.de\/np\/wp-content\/uploads\/2024\/01\/Petzet_CommunityC_Test_8-300x225.jpg 300w, http:\/\/nanapetzet.de\/np\/wp-content\/uploads\/2024\/01\/Petzet_CommunityC_Test_8-768x576.jpg 768w, http:\/\/nanapetzet.de\/np\/wp-content\/uploads\/2024\/01\/Petzet_CommunityC_Test_8-705x529.jpg 705w\" sizes=\"(max-width: 1000px) 100vw, 1000px\" \/><\/div><\/div><\/div><br \/>\n\n<style type=\"text\/css\" data-created_by=\"avia_inline_auto\" id=\"style-css-av-lrqte8ih-94c021697e9e2ffca1a2939f57cfb410\">\n#top .av_textblock_section.av-lrqte8ih-94c021697e9e2ffca1a2939f57cfb410 .avia_textblock{\ncolor:#000000;\n}\n<\/style>\n<section  class='av_textblock_section av-lrqte8ih-94c021697e9e2ffca1a2939f57cfb410 '   itemscope=\"itemscope\" itemtype=\"https:\/\/schema.org\/CreativeWork\" ><div class='avia_textblock av_inherit_color'  itemprop=\"text\" ><p><b>9<\/b><strong><br \/>\n<\/strong><\/p>\n<\/div><\/section><br \/>\n\n<style type=\"text\/css\" data-created_by=\"avia_inline_auto\" id=\"style-css-av-lrqtfi9d-0abbf70195427ce0bbc5d8843e43175c\">\n.avia-image-container.av-lrqtfi9d-0abbf70195427ce0bbc5d8843e43175c img.avia_image{\nbox-shadow:none;\n}\n.avia-image-container.av-lrqtfi9d-0abbf70195427ce0bbc5d8843e43175c .av-image-caption-overlay-center{\ncolor:#ffffff;\n}\n<\/style>\n<div  class='avia-image-container av-lrqtfi9d-0abbf70195427ce0bbc5d8843e43175c av-styling-no-styling avia-align-center  avia-builder-el-22  el_after_av_textblock  el_before_av_textblock '   itemprop=\"image\" itemscope=\"itemscope\" itemtype=\"https:\/\/schema.org\/ImageObject\" ><div class=\"avia-image-container-inner\"><div class=\"avia-image-overlay-wrap\"><img decoding=\"async\" fetchpriority=\"high\" class='wp-image-261 avia-img-lazy-loading-not-261 avia_image ' src=\"http:\/\/nanapetzet.de\/np\/wp-content\/uploads\/2024\/01\/Petzet_CommunityC_Test_9.jpg\" alt='' title=''  height=\"750\" width=\"1000\"  itemprop=\"thumbnailUrl\" srcset=\"http:\/\/nanapetzet.de\/np\/wp-content\/uploads\/2024\/01\/Petzet_CommunityC_Test_9.jpg 1000w, http:\/\/nanapetzet.de\/np\/wp-content\/uploads\/2024\/01\/Petzet_CommunityC_Test_9-300x225.jpg 300w, http:\/\/nanapetzet.de\/np\/wp-content\/uploads\/2024\/01\/Petzet_CommunityC_Test_9-768x576.jpg 768w, http:\/\/nanapetzet.de\/np\/wp-content\/uploads\/2024\/01\/Petzet_CommunityC_Test_9-705x529.jpg 705w\" sizes=\"(max-width: 1000px) 100vw, 1000px\" \/><\/div><\/div><\/div><br \/>\n\n<style type=\"text\/css\" data-created_by=\"avia_inline_auto\" id=\"style-css-av-lrqtg0ww-b45c08dba43a781207c26d28c54c2fa1\">\n#top .av_textblock_section.av-lrqtg0ww-b45c08dba43a781207c26d28c54c2fa1 .avia_textblock{\ncolor:#000000;\n}\n<\/style>\n<section  class='av_textblock_section av-lrqtg0ww-b45c08dba43a781207c26d28c54c2fa1 '   itemscope=\"itemscope\" itemtype=\"https:\/\/schema.org\/CreativeWork\" ><div class='avia_textblock av_inherit_color'  itemprop=\"text\" ><p><b>10<\/b><strong><br \/>\n<\/strong><\/p>\n<\/div><\/section><br \/>\n\n<style type=\"text\/css\" data-created_by=\"avia_inline_auto\" id=\"style-css-av-lrqtgcav-ad0d4b71e3b8cbc384e9abc656a8ec93\">\n.avia-image-container.av-lrqtgcav-ad0d4b71e3b8cbc384e9abc656a8ec93 img.avia_image{\nbox-shadow:none;\n}\n.avia-image-container.av-lrqtgcav-ad0d4b71e3b8cbc384e9abc656a8ec93 .av-image-caption-overlay-center{\ncolor:#ffffff;\n}\n<\/style>\n<div  class='avia-image-container av-lrqtgcav-ad0d4b71e3b8cbc384e9abc656a8ec93 av-styling-no-styling avia-align-center  avia-builder-el-24  el_after_av_textblock  el_before_av_textblock '   itemprop=\"image\" itemscope=\"itemscope\" itemtype=\"https:\/\/schema.org\/ImageObject\" ><div class=\"avia-image-container-inner\"><div class=\"avia-image-overlay-wrap\"><img decoding=\"async\" fetchpriority=\"high\" class='wp-image-252 avia-img-lazy-loading-not-252 avia_image ' src=\"http:\/\/nanapetzet.de\/np\/wp-content\/uploads\/2024\/01\/muellprojekt_nanapetzet_10.jpg\" alt='' title=''  height=\"1501\" width=\"1000\"  itemprop=\"thumbnailUrl\" srcset=\"http:\/\/nanapetzet.de\/np\/wp-content\/uploads\/2024\/01\/muellprojekt_nanapetzet_10.jpg 1000w, http:\/\/nanapetzet.de\/np\/wp-content\/uploads\/2024\/01\/muellprojekt_nanapetzet_10-200x300.jpg 200w, http:\/\/nanapetzet.de\/np\/wp-content\/uploads\/2024\/01\/muellprojekt_nanapetzet_10-686x1030.jpg 686w, http:\/\/nanapetzet.de\/np\/wp-content\/uploads\/2024\/01\/muellprojekt_nanapetzet_10-768x1153.jpg 768w, http:\/\/nanapetzet.de\/np\/wp-content\/uploads\/2024\/01\/muellprojekt_nanapetzet_10-470x705.jpg 470w\" sizes=\"(max-width: 1000px) 100vw, 1000px\" \/><\/div><\/div><\/div><br \/>\n\n<style type=\"text\/css\" data-created_by=\"avia_inline_auto\" id=\"style-css-av-lrqtgw4g-e4d69ea4372c75a7780f97f4d320b32a\">\n#top .av_textblock_section.av-lrqtgw4g-e4d69ea4372c75a7780f97f4d320b32a .avia_textblock{\ncolor:#000000;\n}\n<\/style>\n<section  class='av_textblock_section av-lrqtgw4g-e4d69ea4372c75a7780f97f4d320b32a '   itemscope=\"itemscope\" itemtype=\"https:\/\/schema.org\/CreativeWork\" ><div class='avia_textblock av_inherit_color'  itemprop=\"text\" ><p><b>11<\/b> <em>Das M\u00fcllprojekt<\/em><i>, <\/i>Recyclinghof St. Pauli: W\u00e4hrend des Festivals war es nicht erlaubt, den Brennofen in Betrieb zu nehmen.<strong><br \/>\n<\/strong><\/p>\n<\/div><\/section><br \/>\n<section  class='av_textblock_section av-zavj-b82b9c869c8fda31d46cc284c8943b7d '   itemscope=\"itemscope\" itemtype=\"https:\/\/schema.org\/CreativeWork\" ><div class='avia_textblock'  itemprop=\"text\" ><p>Abb. 1, 11, Fotos: Helge Mundt<br \/>\nAbb. 2-10, Fotos: Till Krause<\/p>\n<\/div><\/section><\/p><\/div>\n","protected":false},"excerpt":{"rendered":"","protected":false},"author":1,"featured_media":0,"parent":51,"menu_order":10,"comment_status":"closed","ping_status":"closed","template":"","meta":{"footnotes":""},"class_list":["post-55","page","type-page","status-publish","hentry"],"_links":{"self":[{"href":"http:\/\/nanapetzet.de\/np\/wp-json\/wp\/v2\/pages\/55","targetHints":{"allow":["GET"]}}],"collection":[{"href":"http:\/\/nanapetzet.de\/np\/wp-json\/wp\/v2\/pages"}],"about":[{"href":"http:\/\/nanapetzet.de\/np\/wp-json\/wp\/v2\/types\/page"}],"author":[{"embeddable":true,"href":"http:\/\/nanapetzet.de\/np\/wp-json\/wp\/v2\/users\/1"}],"replies":[{"embeddable":true,"href":"http:\/\/nanapetzet.de\/np\/wp-json\/wp\/v2\/comments?post=55"}],"version-history":[{"count":6,"href":"http:\/\/nanapetzet.de\/np\/wp-json\/wp\/v2\/pages\/55\/revisions"}],"predecessor-version":[{"id":264,"href":"http:\/\/nanapetzet.de\/np\/wp-json\/wp\/v2\/pages\/55\/revisions\/264"}],"up":[{"embeddable":true,"href":"http:\/\/nanapetzet.de\/np\/wp-json\/wp\/v2\/pages\/51"}],"wp:attachment":[{"href":"http:\/\/nanapetzet.de\/np\/wp-json\/wp\/v2\/media?parent=55"}],"curies":[{"name":"wp","href":"https:\/\/api.w.org\/{rel}","templated":true}]}}