{"id":40,"date":"2023-12-30T17:03:09","date_gmt":"2023-12-30T16:03:09","guid":{"rendered":"http:\/\/nanapetzet.de\/np\/?page_id=40"},"modified":"2024-01-23T21:02:29","modified_gmt":"2024-01-23T20:02:29","slug":"blendung","status":"publish","type":"page","link":"http:\/\/nanapetzet.de\/np\/arbeiten\/blendung\/","title":{"rendered":"Blendung_de"},"content":{"rendered":"\n<style type=\"text\/css\" data-created_by=\"avia_inline_auto\" id=\"style-css-av-lqte91k9-f64e7f29b093dc2b3710d6fb635a9d83\">\n.flex_column.av-lqte91k9-f64e7f29b093dc2b3710d6fb635a9d83{\npadding:20px 20px 20px 20px;\nbackground-color:#eeeeee;\n}\n<\/style>\n<div  class='flex_column av-lqte91k9-f64e7f29b093dc2b3710d6fb635a9d83 av_one_full  avia-builder-el-0  avia-builder-el-no-sibling  first no_margin flex_column_div  '     ><section  class='av_textblock_section av-lqtea30n-d1679dc8b2b631bec4c06f8cbff7c41c '   itemscope=\"itemscope\" itemtype=\"https:\/\/schema.org\/CreativeWork\" ><div class='avia_textblock'  itemprop=\"text\" ><h2>Blendung<\/h2>\n<\/div><\/section><br \/>\n<section  class='av_textblock_section av-lqteaghu-c03c2130de380e28d67818545bdf8cc3 '   itemscope=\"itemscope\" itemtype=\"https:\/\/schema.org\/CreativeWork\" ><div class='avia_textblock'  itemprop=\"text\" ><h4>Simulation des Mondzyklus unter Verwendung von Parkplatzbeleuchtung zum Studium des Verhaltens nachtaktiver Insekten<\/h4>\n<\/div><\/section><br \/>\n<section  class='av_textblock_section av-lqteaww3-32dcbb59fabc78606c1d60b106919634 '   itemscope=\"itemscope\" itemtype=\"https:\/\/schema.org\/CreativeWork\" ><div class='avia_textblock'  itemprop=\"text\" ><p>In <em>Blendung<\/em>, einer eigens f\u00fcr die von Florian H\u00fcttner konzipierte Ausstellung <a href=\"http:\/\/www.gflkhallesued.de\/\" target=\"_blank\" rel=\"noopener\"><i>Tod in <s>Venedig<\/s><\/i><\/a> entwickelten Kunstinstallation, verwandelt Nana Petzet den stillgelegten Alpamare-Parkplatz in Bad T\u00f6lz in eine Versuchsanordnung. F\u00fcnfzehn kugelf\u00f6rmige Strassenlampen, die lange au\u00dfer Betrieb waren, wurden wieder mit den (inzwischen verbotenen) Quecksilberdampfleuchtmitten (HQL) versehen, die wegen ihrer starken Attraktivit\u00e4t f\u00fcr nachtaktive Insekten bis heute von Insektenforschern f\u00fcr den Lichtfang verwendet werden. Auch die Kugelleuchten aus denen die Parkplatzbeleuchtung besteht, entsprechen nicht den heutigen Anspr\u00fcchen an umweltfreundliche Stra\u00dfenbeleuchtung, u.a. weil sie Licht in alle Richtungen aussenden, also nicht nur dort beleuchten, wo das Licht gebraucht wird. Sie bieten allerdings die M\u00f6glichkeit experimentell der Frage nachzugehen warum nachtaktive Insekten \u00fcberhaupt k\u00fcnstliche Lichtquellen anfliegen. Werden die Insekten eher angezogen oder einfach geblendet und verlieren die Orientierung? Warum fliegen einige nachtaktive Arten k\u00fcnstliche Lichtquellen an, andere nicht? Und was hat das Ph\u00e4nomen mit den nat\u00fcrlichen, kosmischen Lichtquellen, dem Mond und den Sternen zu tun? Nana Petzet hat die Leuchten entsprechend der Mondphasen eines Mondzyklus abgedunkelt und den Anflug mit Hilfe von Eklektoren (Prallfallen) dokumentiert. Bereits jetzt l\u00e4sst sich an den unterschiedlich abgedunkelten Leuchten ein unterschiedliches Fangergebnis ablesen, das jedoch nicht unbedingt der Logik folgt: mehr Licht, mehr F\u00e4nge. Die aus den n\u00e4chtlichen Lichtf\u00e4ngen hervorgegangenen Proben sind in der Halle S\u00fcd pr\u00e4sentiert und werden nach dem Ende der Ausstellung von Fachleuten ausgewertet.<\/p>\n<\/div><\/section><br \/>\n\n<style type=\"text\/css\" data-created_by=\"avia_inline_auto\" id=\"style-css-av-lqtgljs2-b1ed360755436e2f75fbd3480e377190\">\n.avia-image-container.av-lqtgljs2-b1ed360755436e2f75fbd3480e377190 img.avia_image{\nbox-shadow:none;\n}\n.avia-image-container.av-lqtgljs2-b1ed360755436e2f75fbd3480e377190 .av-image-caption-overlay-center{\ncolor:#ffffff;\n}\n<\/style>\n<div  class='avia-image-container av-lqtgljs2-b1ed360755436e2f75fbd3480e377190 av-styling-no-styling avia-align-center  avia-builder-el-4  el_after_av_textblock  el_before_av_textblock '   itemprop=\"image\" itemscope=\"itemscope\" itemtype=\"https:\/\/schema.org\/ImageObject\" ><div class=\"avia-image-container-inner\"><div class=\"avia-image-overlay-wrap\"><img decoding=\"async\" fetchpriority=\"high\" class='wp-image-73 avia-img-lazy-loading-not-73 avia_image ' src=\"http:\/\/nanapetzet.de\/np\/wp-content\/uploads\/2023\/12\/Blendung-01.jpg\" alt='' title=''  height=\"580\" width=\"1000\"  itemprop=\"thumbnailUrl\" srcset=\"http:\/\/nanapetzet.de\/np\/wp-content\/uploads\/2023\/12\/Blendung-01.jpg 1000w, http:\/\/nanapetzet.de\/np\/wp-content\/uploads\/2023\/12\/Blendung-01-300x174.jpg 300w, http:\/\/nanapetzet.de\/np\/wp-content\/uploads\/2023\/12\/Blendung-01-768x445.jpg 768w, http:\/\/nanapetzet.de\/np\/wp-content\/uploads\/2023\/12\/Blendung-01-705x409.jpg 705w\" sizes=\"(max-width: 1000px) 100vw, 1000px\" \/><\/div><\/div><\/div><br \/>\n\n<style type=\"text\/css\" data-created_by=\"avia_inline_auto\" id=\"style-css-av-lqtglz7f-ebab0e928eb9ab561381238b7db07e25\">\n#top .av_textblock_section.av-lqtglz7f-ebab0e928eb9ab561381238b7db07e25 .avia_textblock{\ncolor:#000000;\n}\n<\/style>\n<section  class='av_textblock_section av-lqtglz7f-ebab0e928eb9ab561381238b7db07e25 '   itemscope=\"itemscope\" itemtype=\"https:\/\/schema.org\/CreativeWork\" ><div class='avia_textblock av_inherit_color'  itemprop=\"text\" ><p><strong>1<\/strong><\/p>\n<\/div><\/section><br \/>\n\n<style type=\"text\/css\" data-created_by=\"avia_inline_auto\" id=\"style-css-av-lqtgml29-81a7a80f0f4f9cd0c4640498405a0579\">\n.avia-image-container.av-lqtgml29-81a7a80f0f4f9cd0c4640498405a0579 img.avia_image{\nbox-shadow:none;\n}\n.avia-image-container.av-lqtgml29-81a7a80f0f4f9cd0c4640498405a0579 .av-image-caption-overlay-center{\ncolor:#ffffff;\n}\n<\/style>\n<div  class='avia-image-container av-lqtgml29-81a7a80f0f4f9cd0c4640498405a0579 av-styling-no-styling avia-align-center  avia-builder-el-6  el_after_av_textblock  el_before_av_textblock '   itemprop=\"image\" itemscope=\"itemscope\" itemtype=\"https:\/\/schema.org\/ImageObject\" ><div class=\"avia-image-container-inner\"><div class=\"avia-image-overlay-wrap\"><img decoding=\"async\" fetchpriority=\"high\" class='wp-image-74 avia-img-lazy-loading-not-74 avia_image ' src=\"http:\/\/nanapetzet.de\/np\/wp-content\/uploads\/2023\/12\/Blendung-02.jpg\" alt='' title=''  height=\"667\" width=\"1000\"  itemprop=\"thumbnailUrl\" srcset=\"http:\/\/nanapetzet.de\/np\/wp-content\/uploads\/2023\/12\/Blendung-02.jpg 1000w, http:\/\/nanapetzet.de\/np\/wp-content\/uploads\/2023\/12\/Blendung-02-300x200.jpg 300w, http:\/\/nanapetzet.de\/np\/wp-content\/uploads\/2023\/12\/Blendung-02-768x512.jpg 768w, http:\/\/nanapetzet.de\/np\/wp-content\/uploads\/2023\/12\/Blendung-02-705x470.jpg 705w\" sizes=\"(max-width: 1000px) 100vw, 1000px\" \/><\/div><\/div><\/div><br \/>\n\n<style type=\"text\/css\" data-created_by=\"avia_inline_auto\" id=\"style-css-av-lqtgnaap-81087ebbce99a302be7d8adf97e3e397\">\n#top .av_textblock_section.av-lqtgnaap-81087ebbce99a302be7d8adf97e3e397 .avia_textblock{\ncolor:#000000;\n}\n<\/style>\n<section  class='av_textblock_section av-lqtgnaap-81087ebbce99a302be7d8adf97e3e397 '   itemscope=\"itemscope\" itemtype=\"https:\/\/schema.org\/CreativeWork\" ><div class='avia_textblock av_inherit_color'  itemprop=\"text\" ><p><strong><b>2 <\/b><\/strong>Um die Kugelleuchten entsprechend der Mondphasen abzudunkeln, wurde Car-Wrapping-Folie verwendet<\/p>\n<\/div><\/section><br \/>\n\n<style type=\"text\/css\" data-created_by=\"avia_inline_auto\" id=\"style-css-av-lqtgozcn-95acbd267eca971a3381e96cb03991cb\">\n.avia-image-container.av-lqtgozcn-95acbd267eca971a3381e96cb03991cb img.avia_image{\nbox-shadow:none;\n}\n.avia-image-container.av-lqtgozcn-95acbd267eca971a3381e96cb03991cb .av-image-caption-overlay-center{\ncolor:#ffffff;\n}\n<\/style>\n<div  class='avia-image-container av-lqtgozcn-95acbd267eca971a3381e96cb03991cb av-styling-no-styling avia-align-center  avia-builder-el-8  el_after_av_textblock  el_before_av_textblock '   itemprop=\"image\" itemscope=\"itemscope\" itemtype=\"https:\/\/schema.org\/ImageObject\" ><div class=\"avia-image-container-inner\"><div class=\"avia-image-overlay-wrap\"><img decoding=\"async\" fetchpriority=\"high\" class='wp-image-75 avia-img-lazy-loading-not-75 avia_image ' src=\"http:\/\/nanapetzet.de\/np\/wp-content\/uploads\/2023\/12\/Blendung-03.jpg\" alt='' title=''  height=\"667\" width=\"1000\"  itemprop=\"thumbnailUrl\" srcset=\"http:\/\/nanapetzet.de\/np\/wp-content\/uploads\/2023\/12\/Blendung-03.jpg 1000w, http:\/\/nanapetzet.de\/np\/wp-content\/uploads\/2023\/12\/Blendung-03-300x200.jpg 300w, http:\/\/nanapetzet.de\/np\/wp-content\/uploads\/2023\/12\/Blendung-03-768x512.jpg 768w, http:\/\/nanapetzet.de\/np\/wp-content\/uploads\/2023\/12\/Blendung-03-705x470.jpg 705w\" sizes=\"(max-width: 1000px) 100vw, 1000px\" \/><\/div><\/div><\/div><br \/>\n\n<style type=\"text\/css\" data-created_by=\"avia_inline_auto\" id=\"style-css-av-lqtgp78q-dc226e5a1bb1c0e25c9f23854125de07\">\n#top .av_textblock_section.av-lqtgp78q-dc226e5a1bb1c0e25c9f23854125de07 .avia_textblock{\ncolor:#000000;\n}\n<\/style>\n<section  class='av_textblock_section av-lqtgp78q-dc226e5a1bb1c0e25c9f23854125de07 '   itemscope=\"itemscope\" itemtype=\"https:\/\/schema.org\/CreativeWork\" ><div class='avia_textblock av_inherit_color'  itemprop=\"text\" ><p><b>3<\/b> Der Mondzyklus wurde im 2-Tage-Rhythmus dargestellt<\/p>\n<\/div><\/section><br \/>\n\n<style type=\"text\/css\" data-created_by=\"avia_inline_auto\" id=\"style-css-av-lqtgpnlh-46544de6ad44efac307ef089a07f245b\">\n.avia-image-container.av-lqtgpnlh-46544de6ad44efac307ef089a07f245b img.avia_image{\nbox-shadow:none;\n}\n.avia-image-container.av-lqtgpnlh-46544de6ad44efac307ef089a07f245b .av-image-caption-overlay-center{\ncolor:#ffffff;\n}\n<\/style>\n<div  class='avia-image-container av-lqtgpnlh-46544de6ad44efac307ef089a07f245b av-styling-no-styling avia-align-center  avia-builder-el-10  el_after_av_textblock  el_before_av_textblock '   itemprop=\"image\" itemscope=\"itemscope\" itemtype=\"https:\/\/schema.org\/ImageObject\" ><div class=\"avia-image-container-inner\"><div class=\"avia-image-overlay-wrap\"><img decoding=\"async\" fetchpriority=\"high\" class='wp-image-76 avia-img-lazy-loading-not-76 avia_image ' src=\"http:\/\/nanapetzet.de\/np\/wp-content\/uploads\/2023\/12\/Blendung-04.jpg\" alt='' title=''  height=\"667\" width=\"1000\"  itemprop=\"thumbnailUrl\" srcset=\"http:\/\/nanapetzet.de\/np\/wp-content\/uploads\/2023\/12\/Blendung-04.jpg 1000w, http:\/\/nanapetzet.de\/np\/wp-content\/uploads\/2023\/12\/Blendung-04-300x200.jpg 300w, http:\/\/nanapetzet.de\/np\/wp-content\/uploads\/2023\/12\/Blendung-04-768x512.jpg 768w, http:\/\/nanapetzet.de\/np\/wp-content\/uploads\/2023\/12\/Blendung-04-705x470.jpg 705w\" sizes=\"(max-width: 1000px) 100vw, 1000px\" \/><\/div><\/div><\/div><br \/>\n\n<style type=\"text\/css\" data-created_by=\"avia_inline_auto\" id=\"style-css-av-lqtgpukz-e78b7b1edec83a569264d692ad1fd87e\">\n#top .av_textblock_section.av-lqtgpukz-e78b7b1edec83a569264d692ad1fd87e .avia_textblock{\ncolor:#000000;\n}\n<\/style>\n<section  class='av_textblock_section av-lqtgpukz-e78b7b1edec83a569264d692ad1fd87e '   itemscope=\"itemscope\" itemtype=\"https:\/\/schema.org\/CreativeWork\" ><div class='avia_textblock av_inherit_color'  itemprop=\"text\" ><p><b>4<\/b><\/p>\n<\/div><\/section><br \/>\n\n<style type=\"text\/css\" data-created_by=\"avia_inline_auto\" id=\"style-css-av-lqtgq963-9b1e4ace67c3f13dc04eed5bbde1dea5\">\n.avia-image-container.av-lqtgq963-9b1e4ace67c3f13dc04eed5bbde1dea5 img.avia_image{\nbox-shadow:none;\n}\n.avia-image-container.av-lqtgq963-9b1e4ace67c3f13dc04eed5bbde1dea5 .av-image-caption-overlay-center{\ncolor:#ffffff;\n}\n<\/style>\n<div  class='avia-image-container av-lqtgq963-9b1e4ace67c3f13dc04eed5bbde1dea5 av-styling-no-styling avia-align-center  avia-builder-el-12  el_after_av_textblock  el_before_av_textblock '   itemprop=\"image\" itemscope=\"itemscope\" itemtype=\"https:\/\/schema.org\/ImageObject\" ><div class=\"avia-image-container-inner\"><div class=\"avia-image-overlay-wrap\"><img decoding=\"async\" fetchpriority=\"high\" class='wp-image-77 avia-img-lazy-loading-not-77 avia_image ' src=\"http:\/\/nanapetzet.de\/np\/wp-content\/uploads\/2023\/12\/Blendung-05.jpg\" alt='' title=''  height=\"667\" width=\"1000\"  itemprop=\"thumbnailUrl\" srcset=\"http:\/\/nanapetzet.de\/np\/wp-content\/uploads\/2023\/12\/Blendung-05.jpg 1000w, http:\/\/nanapetzet.de\/np\/wp-content\/uploads\/2023\/12\/Blendung-05-300x200.jpg 300w, http:\/\/nanapetzet.de\/np\/wp-content\/uploads\/2023\/12\/Blendung-05-768x512.jpg 768w, http:\/\/nanapetzet.de\/np\/wp-content\/uploads\/2023\/12\/Blendung-05-705x470.jpg 705w\" sizes=\"(max-width: 1000px) 100vw, 1000px\" \/><\/div><\/div><\/div><br \/>\n\n<style type=\"text\/css\" data-created_by=\"avia_inline_auto\" id=\"style-css-av-lqtgqj4i-f094850adbbbf6f96a3ccc22f4a975b5\">\n#top .av_textblock_section.av-lqtgqj4i-f094850adbbbf6f96a3ccc22f4a975b5 .avia_textblock{\ncolor:#000000;\n}\n<\/style>\n<section  class='av_textblock_section av-lqtgqj4i-f094850adbbbf6f96a3ccc22f4a975b5 '   itemscope=\"itemscope\" itemtype=\"https:\/\/schema.org\/CreativeWork\" ><div class='avia_textblock av_inherit_color'  itemprop=\"text\" ><p><b>5<\/b> Prallfallen (Eklektoren) werden \u00fcber Nacht unterhalb der Lichtquelle angebracht<\/p>\n<\/div><\/section><br \/>\n\n<style type=\"text\/css\" data-created_by=\"avia_inline_auto\" id=\"style-css-av-lqtgr9wy-dbbf4ed444472e28dcfa7d79f2f42460\">\n.avia-image-container.av-lqtgr9wy-dbbf4ed444472e28dcfa7d79f2f42460 img.avia_image{\nbox-shadow:none;\n}\n.avia-image-container.av-lqtgr9wy-dbbf4ed444472e28dcfa7d79f2f42460 .av-image-caption-overlay-center{\ncolor:#ffffff;\n}\n<\/style>\n<div  class='avia-image-container av-lqtgr9wy-dbbf4ed444472e28dcfa7d79f2f42460 av-styling-no-styling avia-align-center  avia-builder-el-14  el_after_av_textblock  el_before_av_textblock '   itemprop=\"image\" itemscope=\"itemscope\" itemtype=\"https:\/\/schema.org\/ImageObject\" ><div class=\"avia-image-container-inner\"><div class=\"avia-image-overlay-wrap\"><img decoding=\"async\" fetchpriority=\"high\" class='wp-image-78 avia-img-lazy-loading-not-78 avia_image ' src=\"http:\/\/nanapetzet.de\/np\/wp-content\/uploads\/2023\/12\/Blendung-06.jpg\" alt='' title=''  height=\"667\" width=\"1000\"  itemprop=\"thumbnailUrl\" srcset=\"http:\/\/nanapetzet.de\/np\/wp-content\/uploads\/2023\/12\/Blendung-06.jpg 1000w, http:\/\/nanapetzet.de\/np\/wp-content\/uploads\/2023\/12\/Blendung-06-300x200.jpg 300w, http:\/\/nanapetzet.de\/np\/wp-content\/uploads\/2023\/12\/Blendung-06-768x512.jpg 768w, http:\/\/nanapetzet.de\/np\/wp-content\/uploads\/2023\/12\/Blendung-06-705x470.jpg 705w\" sizes=\"(max-width: 1000px) 100vw, 1000px\" \/><\/div><\/div><\/div><br \/>\n\n<style type=\"text\/css\" data-created_by=\"avia_inline_auto\" id=\"style-css-av-lqtgr2xt-f1722730922ef59b48ce0c3211af7716\">\n#top .av_textblock_section.av-lqtgr2xt-f1722730922ef59b48ce0c3211af7716 .avia_textblock{\ncolor:#000000;\n}\n<\/style>\n<section  class='av_textblock_section av-lqtgr2xt-f1722730922ef59b48ce0c3211af7716 '   itemscope=\"itemscope\" itemtype=\"https:\/\/schema.org\/CreativeWork\" ><div class='avia_textblock av_inherit_color'  itemprop=\"text\" ><p><b>6<\/b><\/p>\n<\/div><\/section><br \/>\n\n<style type=\"text\/css\" data-created_by=\"avia_inline_auto\" id=\"style-css-av-lqtgrr7z-658a1326d2aa99eecda6c8bc234c11a3\">\n.avia-image-container.av-lqtgrr7z-658a1326d2aa99eecda6c8bc234c11a3 img.avia_image{\nbox-shadow:none;\n}\n.avia-image-container.av-lqtgrr7z-658a1326d2aa99eecda6c8bc234c11a3 .av-image-caption-overlay-center{\ncolor:#ffffff;\n}\n<\/style>\n<div  class='avia-image-container av-lqtgrr7z-658a1326d2aa99eecda6c8bc234c11a3 av-styling-no-styling avia-align-center  avia-builder-el-16  el_after_av_textblock  el_before_av_textblock '   itemprop=\"image\" itemscope=\"itemscope\" itemtype=\"https:\/\/schema.org\/ImageObject\" ><div class=\"avia-image-container-inner\"><div class=\"avia-image-overlay-wrap\"><img decoding=\"async\" fetchpriority=\"high\" class='wp-image-79 avia-img-lazy-loading-not-79 avia_image ' src=\"http:\/\/nanapetzet.de\/np\/wp-content\/uploads\/2023\/12\/Blendung-07.jpg\" alt='' title=''  height=\"667\" width=\"1000\"  itemprop=\"thumbnailUrl\" srcset=\"http:\/\/nanapetzet.de\/np\/wp-content\/uploads\/2023\/12\/Blendung-07.jpg 1000w, http:\/\/nanapetzet.de\/np\/wp-content\/uploads\/2023\/12\/Blendung-07-300x200.jpg 300w, http:\/\/nanapetzet.de\/np\/wp-content\/uploads\/2023\/12\/Blendung-07-768x512.jpg 768w, http:\/\/nanapetzet.de\/np\/wp-content\/uploads\/2023\/12\/Blendung-07-705x470.jpg 705w\" sizes=\"(max-width: 1000px) 100vw, 1000px\" \/><\/div><\/div><\/div><br \/>\n\n<style type=\"text\/css\" data-created_by=\"avia_inline_auto\" id=\"style-css-av-lqtgrutg-f5296ce756a63e8460d3131dba8242fd\">\n#top .av_textblock_section.av-lqtgrutg-f5296ce756a63e8460d3131dba8242fd .avia_textblock{\ncolor:#000000;\n}\n<\/style>\n<section  class='av_textblock_section av-lqtgrutg-f5296ce756a63e8460d3131dba8242fd '   itemscope=\"itemscope\" itemtype=\"https:\/\/schema.org\/CreativeWork\" ><div class='avia_textblock av_inherit_color'  itemprop=\"text\" ><p><b>7<\/b><\/p>\n<\/div><\/section><br \/>\n\n<style type=\"text\/css\" data-created_by=\"avia_inline_auto\" id=\"style-css-av-lqtgsbhm-44d31749dccd8864059e3bb9ce8b420b\">\n.avia-image-container.av-lqtgsbhm-44d31749dccd8864059e3bb9ce8b420b img.avia_image{\nbox-shadow:none;\n}\n.avia-image-container.av-lqtgsbhm-44d31749dccd8864059e3bb9ce8b420b .av-image-caption-overlay-center{\ncolor:#ffffff;\n}\n<\/style>\n<div  class='avia-image-container av-lqtgsbhm-44d31749dccd8864059e3bb9ce8b420b av-styling-no-styling avia-align-center  avia-builder-el-18  el_after_av_textblock  el_before_av_textblock '   itemprop=\"image\" itemscope=\"itemscope\" itemtype=\"https:\/\/schema.org\/ImageObject\" ><div class=\"avia-image-container-inner\"><div class=\"avia-image-overlay-wrap\"><img decoding=\"async\" fetchpriority=\"high\" class='wp-image-80 avia-img-lazy-loading-not-80 avia_image ' src=\"http:\/\/nanapetzet.de\/np\/wp-content\/uploads\/2023\/12\/Blendung-08.jpg\" alt='' title=''  height=\"799\" width=\"1000\"  itemprop=\"thumbnailUrl\" srcset=\"http:\/\/nanapetzet.de\/np\/wp-content\/uploads\/2023\/12\/Blendung-08.jpg 1000w, http:\/\/nanapetzet.de\/np\/wp-content\/uploads\/2023\/12\/Blendung-08-300x240.jpg 300w, http:\/\/nanapetzet.de\/np\/wp-content\/uploads\/2023\/12\/Blendung-08-768x614.jpg 768w, http:\/\/nanapetzet.de\/np\/wp-content\/uploads\/2023\/12\/Blendung-08-705x563.jpg 705w\" sizes=\"(max-width: 1000px) 100vw, 1000px\" \/><\/div><\/div><\/div><br \/>\n\n<style type=\"text\/css\" data-created_by=\"avia_inline_auto\" id=\"style-css-av-lqtgsjgn-4681f0cc507a5796579db69a1a4f4cb1\">\n#top .av_textblock_section.av-lqtgsjgn-4681f0cc507a5796579db69a1a4f4cb1 .avia_textblock{\ncolor:#000000;\n}\n<\/style>\n<section  class='av_textblock_section av-lqtgsjgn-4681f0cc507a5796579db69a1a4f4cb1 '   itemscope=\"itemscope\" itemtype=\"https:\/\/schema.org\/CreativeWork\" ><div class='avia_textblock av_inherit_color'  itemprop=\"text\" ><p><b>8<\/b> Ausbeute der Eklektorfalle an Leuchte Nr. 1 am Morgen nach der Er\u00f6ffnung, 31.07.2022<\/p>\n<\/div><\/section><br \/>\n\n<style type=\"text\/css\" data-created_by=\"avia_inline_auto\" id=\"style-css-av-lqtgt5xu-b1cccbd477824f5e2733530e10149731\">\n.avia-image-container.av-lqtgt5xu-b1cccbd477824f5e2733530e10149731 img.avia_image{\nbox-shadow:none;\n}\n.avia-image-container.av-lqtgt5xu-b1cccbd477824f5e2733530e10149731 .av-image-caption-overlay-center{\ncolor:#ffffff;\n}\n<\/style>\n<div  class='avia-image-container av-lqtgt5xu-b1cccbd477824f5e2733530e10149731 av-styling-no-styling avia-align-center  avia-builder-el-20  el_after_av_textblock  el_before_av_textblock '   itemprop=\"image\" itemscope=\"itemscope\" itemtype=\"https:\/\/schema.org\/ImageObject\" ><div class=\"avia-image-container-inner\"><div class=\"avia-image-overlay-wrap\"><img decoding=\"async\" fetchpriority=\"high\" class='wp-image-81 avia-img-lazy-loading-not-81 avia_image ' src=\"http:\/\/nanapetzet.de\/np\/wp-content\/uploads\/2023\/12\/Blendung-09.jpg\" alt='' title=''  height=\"750\" width=\"1000\"  itemprop=\"thumbnailUrl\" srcset=\"http:\/\/nanapetzet.de\/np\/wp-content\/uploads\/2023\/12\/Blendung-09.jpg 1000w, http:\/\/nanapetzet.de\/np\/wp-content\/uploads\/2023\/12\/Blendung-09-300x225.jpg 300w, http:\/\/nanapetzet.de\/np\/wp-content\/uploads\/2023\/12\/Blendung-09-768x576.jpg 768w, http:\/\/nanapetzet.de\/np\/wp-content\/uploads\/2023\/12\/Blendung-09-705x529.jpg 705w\" sizes=\"(max-width: 1000px) 100vw, 1000px\" \/><\/div><\/div><\/div><br \/>\n\n<style type=\"text\/css\" data-created_by=\"avia_inline_auto\" id=\"style-css-av-lqtgtghk-ea8dc1ca910caf1e533b7d824cc548c8\">\n#top .av_textblock_section.av-lqtgtghk-ea8dc1ca910caf1e533b7d824cc548c8 .avia_textblock{\ncolor:#000000;\n}\n<\/style>\n<section  class='av_textblock_section av-lqtgtghk-ea8dc1ca910caf1e533b7d824cc548c8 '   itemscope=\"itemscope\" itemtype=\"https:\/\/schema.org\/CreativeWork\" ><div class='avia_textblock av_inherit_color'  itemprop=\"text\" ><p><b>9<\/b><\/p>\n<\/div><\/section><br \/>\n<section  class='av_textblock_section av-lqtgtx21-cc44d16e87b921a0ff152dc40234c5c7 '   itemscope=\"itemscope\" itemtype=\"https:\/\/schema.org\/CreativeWork\" ><div class='avia_textblock'  itemprop=\"text\" ><p>Presse:<br \/>\n<a href=\"https:\/\/www.sueddeutsche.de\/muenchen\/florian-huettner-wandelhalle-bad-toelz-katharina-sieverding-philipp-gufler-nana-petzet-nils-norman-galerie-fuer-landschaftskunst-parkplatz-1.5635828\" target=\"_blank\" rel=\"noopener\">sueddeutsche.de: Im Gr\u00fcnen, Ausstellung in Bad T\u00f6lz (08.08.2022)<\/a><\/p>\n<p>Abb. 2, 3, 4, 6, 7, Foto: Marc Wiebach<br \/>\nAbb. 5, Foto: Manfred Neubauer<\/p>\n<\/div><\/section><\/p><\/div>\n","protected":false},"excerpt":{"rendered":"","protected":false},"author":1,"featured_media":0,"parent":42,"menu_order":10,"comment_status":"closed","ping_status":"closed","template":"","meta":{"footnotes":""},"class_list":["post-40","page","type-page","status-publish","hentry"],"_links":{"self":[{"href":"http:\/\/nanapetzet.de\/np\/wp-json\/wp\/v2\/pages\/40","targetHints":{"allow":["GET"]}}],"collection":[{"href":"http:\/\/nanapetzet.de\/np\/wp-json\/wp\/v2\/pages"}],"about":[{"href":"http:\/\/nanapetzet.de\/np\/wp-json\/wp\/v2\/types\/page"}],"author":[{"embeddable":true,"href":"http:\/\/nanapetzet.de\/np\/wp-json\/wp\/v2\/users\/1"}],"replies":[{"embeddable":true,"href":"http:\/\/nanapetzet.de\/np\/wp-json\/wp\/v2\/comments?post=40"}],"version-history":[{"count":11,"href":"http:\/\/nanapetzet.de\/np\/wp-json\/wp\/v2\/pages\/40\/revisions"}],"predecessor-version":[{"id":140,"href":"http:\/\/nanapetzet.de\/np\/wp-json\/wp\/v2\/pages\/40\/revisions\/140"}],"up":[{"embeddable":true,"href":"http:\/\/nanapetzet.de\/np\/wp-json\/wp\/v2\/pages\/42"}],"wp:attachment":[{"href":"http:\/\/nanapetzet.de\/np\/wp-json\/wp\/v2\/media?parent=40"}],"curies":[{"name":"wp","href":"https:\/\/api.w.org\/{rel}","templated":true}]}}