{"id":158,"date":"2024-01-23T19:52:23","date_gmt":"2024-01-23T18:52:23","guid":{"rendered":"https:\/\/nanapetzet.de\/np\/?page_id=158"},"modified":"2024-01-23T22:13:44","modified_gmt":"2024-01-23T21:13:44","slug":"publikationen_de","status":"publish","type":"page","link":"http:\/\/nanapetzet.de\/np\/publikationen_de\/","title":{"rendered":"Publikationen_de"},"content":{"rendered":"\n<style type=\"text\/css\" data-created_by=\"avia_inline_auto\" id=\"style-css-av-16i7q-48f567a21d042597bf33e83cb39d6d20\">\n.flex_column.av-16i7q-48f567a21d042597bf33e83cb39d6d20{\npadding:20px 20px 20px 20px;\nbackground-color:#eeeeee;\n}\n<\/style>\n<div  class='flex_column av-16i7q-48f567a21d042597bf33e83cb39d6d20 av_one_full  avia-builder-el-0  avia-builder-el-no-sibling  first no_margin flex_column_div  '     ><section  class='av_textblock_section av-lrqq1mrz-20ff7e704176828a845a9352bb4e8590 '   itemscope=\"itemscope\" itemtype=\"https:\/\/schema.org\/CreativeWork\" ><div class='avia_textblock'  itemprop=\"text\" ><h2>PUBLIKATIONEN<\/h2>\n<\/div><\/section><br \/>\n<section  class='av_textblock_section av-lrqusm88-24b6aee40d52d7cc5f067db3d5648fa6 '   itemscope=\"itemscope\" itemtype=\"https:\/\/schema.org\/CreativeWork\" ><div class='avia_textblock'  itemprop=\"text\" ><p><em>Till Krause (Hg.)<\/em> \u201eBekanntmachung der Idee der Freien Flusszone\u201c, GFLK Surveys, Hamburg 2021<\/p>\n<p><em>Nana Petzet (Hg.)<\/em> \u201eLichtfalle\u201c, mit Beitr\u00e4gen von Nana Petzet, Bernd Reuter, Till Briegleb, Raimar Stange, Nina Kalenbach, J\u00f6rn Walter, Jean-Henri Fabre, Martin Kubiak, Gunnar Brehm, Bergr\u00fan Anna Hallsteinsd\u00f3ttir, Karl-Josef Pazzini, Till Krause und Helge Mundt, Textem Verlag Hamburg, 2019<\/p>\n<p><em>Nana Petzet\/Anke Haarmann\/Harald Lemke (Hg.)<\/em>, \u201eDas M\u00fcllprojekt\u201c, mit Beitr\u00e4gen von Till Wolfer, Ravi Agarwal, Dellbr\u00fcgge &amp; de Moll, Daniel K\u00f6tter, Tesfahun Kibru, Irene V\u00f6geli, Anke Haarmann, Harald Lemke und Nana Petzet, Hamburg 2017<\/p>\n<p><em>Nana Petzet<\/em>, Bildbeitrag in Jubil\u00e4umsband des Kunstfonds \u201eFonds zur guten Aussicht\u201c, Verlag f\u00fcr moderne Kunst N\u00fcrnberg, N\u00fcrnberg 2011, S. 132 &#8211; 133<\/p>\n<p><em>Ursula Meyer-Rogge<\/em>, \u201eNana Petzet\u201c, in \u201eMetamorphosen, K\u00fcnstlerinnen in Hamburg\u201c, D\u00f6lling und Garlitz Verlag, Hamburg 2011, S. 169 \u2013 175<\/p>\n<p><em>Rahel Puffert<\/em>, \u201eich bin Bouvard und P\u00e9cuchet\u201c, Interview mit Nana Petzet in: The Thing Hamburg, Plattform f\u00fcr Kunst und Kritik, 2008<\/p>\n<p><em>Nana Petzet<\/em>, \u201eWings of Hope \u2013 Ein vom Auswandererdenkmal zum Denkmal f\u00fcr Migration mutiertes Kunstwerk als Eingangsportal der Veddel?\u201c in: The Thing Hamburg, Plattform f\u00fcr Kunst und Kritik, 2007<\/p>\n<p><em>Nana Petzet<\/em>, \u201eDas SBF-System\u201c in: Ausstellungskatalog \u201eGreen Dreams\u201c, Hrsg. Kunstverein Wolfsburg, Wolfsburg 2007, S. 85 \u2013 95<\/p>\n<p><em>Rahel Puffert<\/em>, \u201eKaninchenethogramm Robby\u201c in Austellungskatalog \u201eSay it isn\u00b4t so\u201c Weserburg \/ Museum f\u00fcr moderne Kunst, Bremen, Kehrer Verlag Heidelberg, Heidelberg 2007, S. 194 \u2013 2001<\/p>\n<p><em>Nana Petzet<\/em>, \u201eSelbstversuch, Wohnen nach dem Motto: Sammeln Bewahren Forschen\u201c, in Ausstellungskatalog \u201eRevisiting Home\u201c, Hrsg. Neue Gesellschaft f\u00fcr Bildende Kunst e.V. (NGBK), Berlin 2006, S. 90 \u2013 93<\/p>\n<p><em>Peter Friese<\/em>, \u201eWie tot ist Schr\u00f6dingers Katze?\u201c, in: Ausstellungskatalog \u201eStabile Seitenlage\u201c, Hrsg. Stiftung Kunstfonds, K\u00f6ln 2006, S. 14-17, 47-60<\/p>\n<p><em>Nana Petzet<\/em>, \u201eSystem SBF \u2013 Inventarisation der Sammlung mit HIDA-MIDAS \/ Metainventur\u201c, mit Texten von Horst Scholz, Katja Kwastek, Bettina von Dziembowski und Heinz Thiel, Hrsg. Cuxhavener Kunstverein \/ Kunstverein und Stiftung Springhornhof, Verlag f\u00fcr moderne Kunst N\u00fcrnberg, N\u00fcrnberg 2003<\/p>\n<p><em>Susanne Witzgall<\/em>, \u201eNana Petzets Rational Scientific Art\u201c, in: \u201eKunst nach der Wissenschaft\u201c, Verlag f\u00fcr moderne Kunst N\u00fcrnberg, N\u00fcrnberg 2003, S. 214-222<\/p>\n<p><em>Nana Petzet<\/em>, Sophisticated Fish, in: &#8220;Remote Sensing &#8211; Laboratories of Art and Science&#8221;, Vice Versa Verlag, Berlin 2002, S.100 \u2013 105<\/p>\n<p><em>Nana Petzet<\/em>, Sammeln Bewahren Forschen, Das SBF-System 1995 &#8211; 2001, Hrsg. K\u00fcnstlerst\u00e4tte Schlo\u00df Bleckede, Salon Verlag, K\u00f6ln 2001<\/p>\n<p><em>Corinna Koch und Christiane Mennicke<\/em>, Nana Petzet, Sammeln Bewahren Forschen &#8211; Abfallvermeidungssystem, Forschungsprojekt, 1995\/2000 in: Austellungskatalog &#8220;After Work&#8221; zur 4. Werkleitz Biennale, Werkleitz\/Tornitz 2000, S.49 &#8211; 53<\/p>\n<p><em>Frank Barth und Friederike Wappler<\/em>, Reflektierte Regeln, in: Ausstellungskatalog &#8220;ein\/r\u00e4umen ARBEITEN IM MUSEUM&#8221;, Hamburger Kunsthalle, Hamburg 2000, S. 33, 64, 113, 194<\/p>\n<p><em>Nana Petzet<\/em>, Selbstversuch, in: Ausstellungskatalog &#8220;Aller Anfang ist Merz-von Kurt Schwitters bis heute&#8221; Sprengel Museum Hannover; Kunstsammlung Nordrhein-Westfalen, D\u00fcsseldorf; Haus der Kunst M\u00fcnchen, Hatje Cantz Verlag, Ostfildern-Ruit 2000, S.216 &#8211; 217<\/p>\n<p><em>Nana Petzet<\/em>, Sammeln Bewahren Forschen, Deutschlands drittes M\u00fcllentsorgungssystem, in: Ausstellungskatalog &#8220;today tomorrow&#8221;, Kirin Plaza Osaka, Hamburg 1999<\/p>\n<p><em>Nana Petzet<\/em>, Sammeln-Bewahren-Forschen, Deutschlands drittes M\u00fcllentsorgungssystem im Modellhaushalt, in: Kunstforum International, Bd. 144, 1999, S.39, 67, 172, 173<\/p>\n<p><em>Nana Petzet<\/em>, Sammeln Bewahren Forschen, Deutschlands drittes M\u00fcllentsorgungssystem, in: Ausstellungskatalog &#8220;today tomorrow&#8221;, Galerie de l&#8217;Ecole Sup\u00e9rieure des Beaux-Arts de Marseille, Hamburg 1998<\/p>\n<p><em>Nana Petzet<\/em>, Gut &#8211; schlechter &#8211; am besten, in: Kippbewegungen am flimmernden Horizont, hrsg. von Adi Hoesle, Babenhausen 1997, S.156 &#8211; 170<\/p>\n<p><em>Nana Petzet<\/em>, Tr\u00e4ume, in: Zeitschrift Neid, Berlin 1997, S.34 &#8211; 37<\/p>\n<p><em>Nana Petzet<\/em>, DSD oder SBFS? Zwei Abfallverwertungskonzepte im Vergleich, in: Ausstellungskatalog &#8220;2000 minus 3\/ ArtSpace plus Interface&#8221;, Neue Galerie Graz im steirischen Herbst \u00b497, Graz 1997, S.68 -73<\/p>\n<p><em>Nana Petzet<\/em>, Wir machen wahr, was der Gr\u00fcne Punkt verspricht, Katalog der Ausstellung im Bonner Kunstverein in der Reihe &#8220;Duchamps Urenkel&#8221; mit Texten von Nana Petzet (Das SBF-System) und Harald Uhr (Vom Verfall der Werte zum Zerfall der Atome &#8211; Zu den Versuchsanordnungen von Nana Petzet), Bonn 1997<\/p>\n<p><em>Christiane Fricke<\/em>, Rational Scientific Art, Ein Gespr\u00e4ch mit Nana Petzet, in: neue bildende kunst, Zeitschrift f\u00fcr Kunst und Kritik, Nr.1, 1997, S. 54 &#8211; 57<\/p>\n<p><em>Nana Petzet<\/em>, Hundekotrecycling, in: Super Umbau, Zeitung f\u00fcr den leidenschaftlichen Urbanisten, Hamburg 1996, S.16<\/p>\n<p><em>Nana Petzet<\/em>, Schr\u00f6dingers Katze, in: \u00dcbergangsbogen und \u00dcberh\u00f6hungsrampe, naturwissenschaftliche und k\u00fcnstlerische Verfahren, Symposion I und II, hrsg. von Bogomir Ecker und Bettina Sefkow, Hamburg 1996, S.34 &#8211; 37<\/p>\n<p><em>Nana Petzet\/Klaus Meinberg<\/em>, Dispersion auf&#8230;und Novoplast\/ Zu zwei Arbeiten von Nana Petzet, in: Bateria, Zeitschrift f\u00fcr Kunst und Literatur, Nr.15\/1994, S.100-106<\/p>\n<p><em>Ulrike Besch<\/em>, Kunst und Kunstsch\u00e4den &#8220;Modellversuch Rot&#8221;, in: Restauro, Zeitschrift f\u00fcr Kunsttechniken, Restaurierung und Museumsfragen, Nr.5\/1993, S.296<\/p>\n<p><em>Nana Petzet<\/em>, Modellversuch ROT, eine Untersuchung zum Schicksal moderner Malerei im Alltag, in: Ausstellungskatalog &#8220;Integrale Kunstprojekte&#8221;, Berlin 1993<\/p>\n<p><em>Nana Petzet<\/em>, Schr\u00f6dingers Katze, in: Ausstellungskatalog &#8220;Backstage&#8221;, Kunstverein Hamburg 1993<\/p>\n<p><em>Nana Petzet<\/em>, Der Tausendj\u00e4hrige Raum\/ Reversion\/ Schr\u00f6dingers Katzen, ver\u00f6ffentlicht anl\u00e4sslich der Ausstellung &#8220;Modellversuch ROT&#8221; im Kunstraum M\u00fcnchen e.V. mit einer Einf\u00fchrung von Christiane Meyer-Stoll (Arbeiten an der Erkenntnis, Nana Petzets Rational Scientific Art), Hrsg. Kunstraum M\u00fcnchen e.V., M\u00fcnchen 1993<\/p>\n<p><em>Armelle Leturcq<\/em>, Nana Petzet, Monochromes exp\u00e9rimentaux, in: Zeitschrift &#8220;Blocnotes&#8221;, Band Nr.1, S.53<\/p>\n<p><em>Nana Petzet<\/em>, Schr\u00f6dingers Katze, in: Ausstellungskatalog zu &#8220;Modell&#8221;, Pasinger Ritterwerke, M\u00fcnchen 1992<\/p>\n<p><em>Nana Petzet<\/em>, Epreuve-type &#8220;Rot&#8221;, Analyse du sort de la peinture moderne au quotidien, in: Ausstellungskatalog &#8220;Twenty Fragile Pieces&#8221;, Galerie ANALIX, Genf 1992<\/p>\n<p><em>Nana Petzet<\/em>, Modellversuch ROT, eine Untersuchung zum Schicksal moderner Malerei im Alltag, Katalog zur Ausstellung &#8220;Modellversuch ROT&#8221; in der Galerie Art-Acker, Berlin 1992<\/p>\n<p><em>Nana Petzet<\/em> , Der Tausendj\u00e4hrige Raum, in: Gru\u00df aus Hamburg, Publikation in Zusammenarbeit mit Silvia Bernardy, Achim Bitter, Thadd\u00e4us H\u00fcppi und Gunter Reski, Hamburg 1989<\/p>\n<p><em>Nana Petzet<\/em>, Rational Scientific Art, Vortrag am 4. Februar 1987 in der Akademie der Bildenden K\u00fcnste M\u00fcnchen, hrsg. von Christiane Meyer-Stoll, M\u00fcnchen 1987<\/p>\n<\/div><\/section><\/p><\/div>\n","protected":false},"excerpt":{"rendered":"","protected":false},"author":1,"featured_media":0,"parent":0,"menu_order":40,"comment_status":"closed","ping_status":"closed","template":"","meta":{"footnotes":""},"class_list":["post-158","page","type-page","status-publish","hentry"],"_links":{"self":[{"href":"http:\/\/nanapetzet.de\/np\/wp-json\/wp\/v2\/pages\/158","targetHints":{"allow":["GET"]}}],"collection":[{"href":"http:\/\/nanapetzet.de\/np\/wp-json\/wp\/v2\/pages"}],"about":[{"href":"http:\/\/nanapetzet.de\/np\/wp-json\/wp\/v2\/types\/page"}],"author":[{"embeddable":true,"href":"http:\/\/nanapetzet.de\/np\/wp-json\/wp\/v2\/users\/1"}],"replies":[{"embeddable":true,"href":"http:\/\/nanapetzet.de\/np\/wp-json\/wp\/v2\/comments?post=158"}],"version-history":[{"count":4,"href":"http:\/\/nanapetzet.de\/np\/wp-json\/wp\/v2\/pages\/158\/revisions"}],"predecessor-version":[{"id":308,"href":"http:\/\/nanapetzet.de\/np\/wp-json\/wp\/v2\/pages\/158\/revisions\/308"}],"wp:attachment":[{"href":"http:\/\/nanapetzet.de\/np\/wp-json\/wp\/v2\/media?parent=158"}],"curies":[{"name":"wp","href":"https:\/\/api.w.org\/{rel}","templated":true}]}}